{"id":100,"date":"2026-01-10T01:49:09","date_gmt":"2026-01-10T01:49:09","guid":{"rendered":"https:\/\/www.echoes-sas.com\/www\/?page_id=100"},"modified":"2026-02-05T14:37:09","modified_gmt":"2026-02-05T14:37:09","slug":"ingenierie","status":"publish","type":"page","link":"https:\/\/www.echoes-sas.com\/www\/ingenierie\/","title":{"rendered":"Ing\u00e9nierie"},"content":{"rendered":"\n<h4 class=\"wp-block-heading alignwide has-custom-color-4-color has-text-color\"><strong>ING\u00c9NIERIE<\/strong><br><\/h4>\n\n\n\n<p><strong>L\u2019ing\u00e9nierie<\/strong> est au c\u0153ur de la r\u00e9ussite de nos projets immobiliers. Nous mobilisons une expertise technique compl\u00e8te pour accompagner chaque op\u00e9ration, de la conception \u00e0 la r\u00e9alisation, en assurant la ma\u00eetrise des co\u00fbts, des d\u00e9lais et de la qualit\u00e9.<\/p>\n\n\n\n<p>Gr\u00e2ce \u00e0 une approche rigoureuse et innovante, nous d\u00e9veloppons des solutions durables, adapt\u00e9es et conformes aux exigences r\u00e9glementaires, garantissant des projets fiables et p\u00e9rennes.<\/p>\n\n\n\n<p>Cette d\u00e9marche s\u2019inscrit pleinement dans une logique de construction durable et de performance environnementale. \u00c0 ce titre, <strong>Echoes<\/strong> est adh\u00e9rente au r\u00e9seau <strong>Envirobat<\/strong>, r\u00e9f\u00e9rence des acteurs engag\u00e9s du b\u00e2timent durable.<\/p>\n\n\n\n<h6 class=\"wp-block-heading alignwide\">Nos MISSIONS :<\/h6>\n\n\n\n<p class=\"has-text-align-left\"><\/p>\n\n\n\n<div class=\"wp-block-group alignwide is-nowrap is-layout-flex wp-container-core-group-is-layout-6c531013 wp-block-group-is-layout-flex\">\n<figure class=\"wp-block-image size-full\"><a href=\"https:\/\/www.echoes-sas.com\/www\/amo\/\"><img loading=\"lazy\" decoding=\"async\" width=\"764\" height=\"690\" src=\"https:\/\/www.echoes-sas.com\/www\/wp-content\/uploads\/2026\/02\/Capture-decran-2026-02-05-a-11.27.39.png\" alt=\"\" class=\"wp-image-480\" srcset=\"https:\/\/www.echoes-sas.com\/www\/wp-content\/uploads\/2026\/02\/Capture-decran-2026-02-05-a-11.27.39.png 764w, https:\/\/www.echoes-sas.com\/www\/wp-content\/uploads\/2026\/02\/Capture-decran-2026-02-05-a-11.27.39-300x271.png 300w\" sizes=\"auto, (max-width: 764px) 100vw, 764px\" \/><\/a><\/figure>\n\n\n\n<figure class=\"wp-block-image size-full\"><a href=\"https:\/\/www.echoes-sas.com\/www\/maitrise-doeuvre\/\"><img loading=\"lazy\" decoding=\"async\" width=\"762\" height=\"696\" src=\"https:\/\/www.echoes-sas.com\/www\/wp-content\/uploads\/2026\/02\/Capture-decran-2026-02-05-a-11.27.46.png\" alt=\"\" class=\"wp-image-481\" srcset=\"https:\/\/www.echoes-sas.com\/www\/wp-content\/uploads\/2026\/02\/Capture-decran-2026-02-05-a-11.27.46.png 762w, https:\/\/www.echoes-sas.com\/www\/wp-content\/uploads\/2026\/02\/Capture-decran-2026-02-05-a-11.27.46-300x274.png 300w\" sizes=\"auto, (max-width: 762px) 100vw, 762px\" \/><\/a><\/figure>\n\n\n\n<figure class=\"wp-block-image size-full\"><a href=\"https:\/\/www.echoes-sas.com\/www\/etudes-techniques\/\"><img loading=\"lazy\" decoding=\"async\" width=\"762\" height=\"692\" src=\"https:\/\/www.echoes-sas.com\/www\/wp-content\/uploads\/2026\/02\/Capture-decran-2026-02-05-a-11.27.54.png\" alt=\"\" class=\"wp-image-483\" srcset=\"https:\/\/www.echoes-sas.com\/www\/wp-content\/uploads\/2026\/02\/Capture-decran-2026-02-05-a-11.27.54.png 762w, https:\/\/www.echoes-sas.com\/www\/wp-content\/uploads\/2026\/02\/Capture-decran-2026-02-05-a-11.27.54-300x272.png 300w\" sizes=\"auto, (max-width: 762px) 100vw, 762px\" \/><\/a><\/figure>\n<\/div>\n\n\n\n<hr class=\"wp-block-separator has-alpha-channel-opacity\"\/>\n\n\n\n<h6 class=\"wp-block-heading alignwide\">Ils nous ont fait confiance :<\/h6>\n\n\n\n<div class=\"wp-block-columns is-layout-flex wp-container-core-columns-is-layout-28f84493 wp-block-columns-is-layout-flex\">\n<div class=\"wp-block-column is-layout-flow wp-block-column-is-layout-flow\" style=\"flex-basis:100%\">\n<div class=\"wp-block-group alignwide is-layout-grid wp-container-core-group-is-layout-478b6e6b wp-block-group-is-layout-grid\">\n<div class=\"wp-block-columns is-layout-flex wp-container-core-columns-is-layout-28f84493 wp-block-columns-is-layout-flex\">\n<div class=\"wp-block-column is-layout-flow wp-block-column-is-layout-flow\" style=\"flex-basis:100%\">\n<div class=\"wp-block-group is-vertical is-layout-flex wp-container-core-group-is-layout-d6b9ab57 wp-block-group-is-layout-flex\">\n<div class=\"wp-block-media-text is-stacked-on-mobile\" style=\"grid-template-columns:32% auto\"><figure class=\"wp-block-media-text__media\"><img loading=\"lazy\" decoding=\"async\" width=\"297\" height=\"140\" src=\"http:\/\/www.echoes-sas.com\/www\/wp-content\/uploads\/2026\/01\/talange-16834-3.jpg\" alt=\"\" class=\"wp-image-333 size-full\"\/><\/figure><div class=\"wp-block-media-text__content\">\n<h6 class=\"wp-block-heading\">Cabinet      Herbeth                      <\/h6>\n<\/div><\/div>\n\n\n\n<div class=\"wp-block-group is-vertical is-layout-flex wp-container-core-group-is-layout-fe9cc265 wp-block-group-is-layout-flex\">\n<div class=\"wp-block-group is-vertical is-layout-flex wp-container-core-group-is-layout-fe9cc265 wp-block-group-is-layout-flex\">\n<div class=\"wp-block-media-text is-stacked-on-mobile\" style=\"grid-template-columns:29% auto\"><figure class=\"wp-block-media-text__media\"><img loading=\"lazy\" decoding=\"async\" width=\"329\" height=\"375\" src=\"http:\/\/www.echoes-sas.com\/www\/wp-content\/uploads\/2026\/01\/blason-ancemont-2.jpg\" alt=\"\" class=\"wp-image-331 size-full\" srcset=\"https:\/\/www.echoes-sas.com\/www\/wp-content\/uploads\/2026\/01\/blason-ancemont-2.jpg 329w, https:\/\/www.echoes-sas.com\/www\/wp-content\/uploads\/2026\/01\/blason-ancemont-2-263x300.jpg 263w\" sizes=\"auto, (max-width: 329px) 100vw, 329px\" \/><\/figure><div class=\"wp-block-media-text__content\">\n<h6 class=\"wp-block-heading\">MairiE de Ancemont         <\/h6>\n<\/div><\/div>\n<\/div>\n\n\n\n<div class=\"wp-block-group is-vertical is-layout-flex wp-container-core-group-is-layout-fe9cc265 wp-block-group-is-layout-flex\">\n<div class=\"wp-block-media-text is-stacked-on-mobile\" style=\"grid-template-columns:30% auto\"><figure class=\"wp-block-media-text__media\"><img loading=\"lazy\" decoding=\"async\" width=\"292\" height=\"312\" src=\"http:\/\/www.echoes-sas.com\/www\/wp-content\/uploads\/2026\/01\/logo-aumetz-4.png\" alt=\"\" class=\"wp-image-332 size-full\" srcset=\"https:\/\/www.echoes-sas.com\/www\/wp-content\/uploads\/2026\/01\/logo-aumetz-4.png 292w, https:\/\/www.echoes-sas.com\/www\/wp-content\/uploads\/2026\/01\/logo-aumetz-4-281x300.png 281w\" sizes=\"auto, (max-width: 292px) 100vw, 292px\" \/><\/figure><div class=\"wp-block-media-text__content\">\n<h6 class=\"wp-block-heading\">Mairie de Aumetz                       <\/h6>\n<\/div><\/div>\n<\/div>\n\n\n\n<div class=\"wp-block-group is-vertical is-layout-flex wp-container-core-group-is-layout-fe9cc265 wp-block-group-is-layout-flex\">\n<div class=\"wp-block-media-text is-stacked-on-mobile\" style=\"grid-template-columns:30% auto\"><figure class=\"wp-block-media-text__media\"><img loading=\"lazy\" decoding=\"async\" width=\"432\" height=\"477\" src=\"http:\/\/www.echoes-sas.com\/www\/wp-content\/uploads\/2026\/01\/ChatGPT-Image-28-janv.-2026-a-10_09_55.jpg\" alt=\"\" class=\"wp-image-320 size-full\" srcset=\"https:\/\/www.echoes-sas.com\/www\/wp-content\/uploads\/2026\/01\/ChatGPT-Image-28-janv.-2026-a-10_09_55.jpg 432w, https:\/\/www.echoes-sas.com\/www\/wp-content\/uploads\/2026\/01\/ChatGPT-Image-28-janv.-2026-a-10_09_55-272x300.jpg 272w\" sizes=\"auto, (max-width: 432px) 100vw, 432px\" \/><\/figure><div class=\"wp-block-media-text__content\">\n<h6 class=\"wp-block-heading\">Mairie de Crusnes <\/h6>\n<\/div><\/div>\n<\/div>\n\n\n\n<div class=\"wp-block-group is-vertical is-layout-flex wp-container-core-group-is-layout-fe9cc265 wp-block-group-is-layout-flex\">\n<div class=\"wp-block-media-text is-stacked-on-mobile\" style=\"grid-template-columns:33% auto\"><figure class=\"wp-block-media-text__media\"><img loading=\"lazy\" decoding=\"async\" width=\"900\" height=\"185\" src=\"http:\/\/www.echoes-sas.com\/www\/wp-content\/uploads\/2026\/01\/logo-graoucoop-horiz-og-1.png\" alt=\"\" class=\"wp-image-329 size-full\" srcset=\"https:\/\/www.echoes-sas.com\/www\/wp-content\/uploads\/2026\/01\/logo-graoucoop-horiz-og-1.png 900w, https:\/\/www.echoes-sas.com\/www\/wp-content\/uploads\/2026\/01\/logo-graoucoop-horiz-og-1-300x62.png 300w, https:\/\/www.echoes-sas.com\/www\/wp-content\/uploads\/2026\/01\/logo-graoucoop-horiz-og-1-768x158.png 768w\" sizes=\"auto, (max-width: 900px) 100vw, 900px\" \/><\/figure><div class=\"wp-block-media-text__content\">\n<h6 class=\"wp-block-heading\">Graoucoop<\/h6>\n<\/div><\/div>\n<\/div>\n\n\n\n<div class=\"wp-block-group is-vertical is-layout-flex wp-container-core-group-is-layout-fe9cc265 wp-block-group-is-layout-flex\">\n<div class=\"wp-block-media-text is-stacked-on-mobile\" style=\"grid-template-columns:34% auto\"><figure class=\"wp-block-media-text__media\"><img loading=\"lazy\" decoding=\"async\" width=\"216\" height=\"234\" src=\"http:\/\/www.echoes-sas.com\/www\/wp-content\/uploads\/2026\/01\/images.png\" alt=\"\" class=\"wp-image-297 size-full\"\/><\/figure><div class=\"wp-block-media-text__content\">\n<h6 class=\"wp-block-heading\">Vilogia                                                                    <\/h6>\n<\/div><\/div>\n<\/div>\n\n\n\n<div class=\"wp-block-group is-vertical is-layout-flex wp-container-core-group-is-layout-fe9cc265 wp-block-group-is-layout-flex\">\n<div class=\"wp-block-media-text is-stacked-on-mobile\" style=\"grid-template-columns:43% auto\"><figure class=\"wp-block-media-text__media\"><img loading=\"lazy\" decoding=\"async\" width=\"720\" height=\"360\" src=\"http:\/\/www.echoes-sas.com\/www\/wp-content\/uploads\/2026\/01\/moselis___baseline_720-2.webp\" alt=\"\" class=\"wp-image-336 size-full\" srcset=\"https:\/\/www.echoes-sas.com\/www\/wp-content\/uploads\/2026\/01\/moselis___baseline_720-2.webp 720w, https:\/\/www.echoes-sas.com\/www\/wp-content\/uploads\/2026\/01\/moselis___baseline_720-2-300x150.webp 300w\" sizes=\"auto, (max-width: 720px) 100vw, 720px\" \/><\/figure><div class=\"wp-block-media-text__content\">\n<h6 class=\"wp-block-heading\">Moselis<\/h6>\n<\/div><\/div>\n<\/div>\n\n\n\n<div class=\"wp-block-group is-vertical is-layout-flex wp-container-core-group-is-layout-fe9cc265 wp-block-group-is-layout-flex\">\n<div class=\"wp-block-media-text is-stacked-on-mobile\" style=\"grid-template-columns:40% auto\"><figure class=\"wp-block-media-text__media\"><img loading=\"lazy\" decoding=\"async\" width=\"200\" height=\"200\" src=\"http:\/\/www.echoes-sas.com\/www\/wp-content\/uploads\/2026\/01\/villrupt.jpeg\" alt=\"\" class=\"wp-image-296 size-full\" srcset=\"https:\/\/www.echoes-sas.com\/www\/wp-content\/uploads\/2026\/01\/villrupt.jpeg 200w, https:\/\/www.echoes-sas.com\/www\/wp-content\/uploads\/2026\/01\/villrupt-150x150.jpeg 150w\" sizes=\"auto, (max-width: 200px) 100vw, 200px\" \/><\/figure><div class=\"wp-block-media-text__content\">\n<h6 class=\"wp-block-heading\">SEMIV Villrupt                                                        <\/h6>\n<\/div><\/div>\n<\/div>\n<\/div>\n\n\n\n<div class=\"wp-block-group is-nowrap is-layout-flex wp-container-core-group-is-layout-6c531013 wp-block-group-is-layout-flex\">\n<div class=\"wp-block-group is-content-justification-center is-nowrap is-layout-flex wp-container-core-group-is-layout-23441af8 wp-block-group-is-layout-flex\">\n<div class=\"wp-block-media-text is-stacked-on-mobile\" style=\"grid-template-columns:38% auto\"><figure class=\"wp-block-media-text__media\"><img loading=\"lazy\" decoding=\"async\" width=\"768\" height=\"285\" src=\"http:\/\/www.echoes-sas.com\/www\/wp-content\/uploads\/2026\/01\/logo_CC-Freyming-dark-768x285-2-2.png\" alt=\"\" class=\"wp-image-327 size-full\" srcset=\"https:\/\/www.echoes-sas.com\/www\/wp-content\/uploads\/2026\/01\/logo_CC-Freyming-dark-768x285-2-2.png 768w, https:\/\/www.echoes-sas.com\/www\/wp-content\/uploads\/2026\/01\/logo_CC-Freyming-dark-768x285-2-2-300x111.png 300w\" sizes=\"auto, (max-width: 768px) 100vw, 768px\" \/><\/figure><div class=\"wp-block-media-text__content\">\n<h6 class=\"wp-block-heading\">commune de freyming-merlebach<\/h6>\n<\/div><\/div>\n<\/div>\n<\/div>\n<\/div>\n<\/div>\n<\/div>\n<\/div>\n<\/div>\n<\/div>\n\n\n\n<p><\/p>\n\n\n\n<p><\/p>\n","protected":false},"excerpt":{"rendered":"<p>ING\u00c9NIERIE L\u2019ing\u00e9nierie est au c\u0153ur de la r\u00e9ussite de nos projets immobiliers. Nous mobilisons une expertise technique compl\u00e8te pour accompagner chaque op\u00e9ration, de la conception \u00e0 la r\u00e9alisation, en assurant la ma\u00eetrise des co\u00fbts, des d\u00e9lais et de la qualit\u00e9. Gr\u00e2ce \u00e0 une approche rigoureuse et innovante, nous d\u00e9veloppons des solutions durables, adapt\u00e9es et conformes [&hellip;]<\/p>\n","protected":false},"author":1,"featured_media":0,"parent":0,"menu_order":0,"comment_status":"closed","ping_status":"closed","template":"","meta":{"footnotes":""},"class_list":["post-100","page","type-page","status-publish","hentry"],"_links":{"self":[{"href":"https:\/\/www.echoes-sas.com\/www\/wp-json\/wp\/v2\/pages\/100","targetHints":{"allow":["GET"]}}],"collection":[{"href":"https:\/\/www.echoes-sas.com\/www\/wp-json\/wp\/v2\/pages"}],"about":[{"href":"https:\/\/www.echoes-sas.com\/www\/wp-json\/wp\/v2\/types\/page"}],"author":[{"embeddable":true,"href":"https:\/\/www.echoes-sas.com\/www\/wp-json\/wp\/v2\/users\/1"}],"replies":[{"embeddable":true,"href":"https:\/\/www.echoes-sas.com\/www\/wp-json\/wp\/v2\/comments?post=100"}],"version-history":[{"count":70,"href":"https:\/\/www.echoes-sas.com\/www\/wp-json\/wp\/v2\/pages\/100\/revisions"}],"predecessor-version":[{"id":520,"href":"https:\/\/www.echoes-sas.com\/www\/wp-json\/wp\/v2\/pages\/100\/revisions\/520"}],"wp:attachment":[{"href":"https:\/\/www.echoes-sas.com\/www\/wp-json\/wp\/v2\/media?parent=100"}],"curies":[{"name":"wp","href":"https:\/\/api.w.org\/{rel}","templated":true}]}}