{"id":225,"date":"2026-01-22T08:22:58","date_gmt":"2026-01-22T08:22:58","guid":{"rendered":"https:\/\/www.echoes-sas.com\/www\/?page_id=225"},"modified":"2026-03-26T13:45:24","modified_gmt":"2026-03-26T13:45:24","slug":"vente-hlm","status":"publish","type":"page","link":"https:\/\/www.echoes-sas.com\/www\/vente-hlm\/","title":{"rendered":"Nos ventes HLM :"},"content":{"rendered":"\n<p class=\"has-text-align-right\"><a href=\"https:\/\/www.echoes-sas.com\/www\/transactions-immobilieres\/\">Retour<\/a> <\/p>\n\n\n\n<h4 class=\"wp-block-heading alignfull\">   D\u00e9couvrez nos immeubles HLM actuellement disponible \u00e0 la vente \u00e0 Metz, Thionville et Boulange.<\/h4>\n\n\n\n<figure class=\"wp-block-image alignwide size-large\"><img loading=\"lazy\" decoding=\"async\" width=\"727\" height=\"1024\" src=\"https:\/\/www.echoes-sas.com\/www\/wp-content\/uploads\/2026\/02\/Capture-decran-2026-02-27-a-11.38.44-727x1024.png\" alt=\"\" class=\"wp-image-548\" srcset=\"https:\/\/www.echoes-sas.com\/www\/wp-content\/uploads\/2026\/02\/Capture-decran-2026-02-27-a-11.38.44-727x1024.png 727w, https:\/\/www.echoes-sas.com\/www\/wp-content\/uploads\/2026\/02\/Capture-decran-2026-02-27-a-11.38.44-213x300.png 213w, https:\/\/www.echoes-sas.com\/www\/wp-content\/uploads\/2026\/02\/Capture-decran-2026-02-27-a-11.38.44-768x1082.png 768w, https:\/\/www.echoes-sas.com\/www\/wp-content\/uploads\/2026\/02\/Capture-decran-2026-02-27-a-11.38.44-1090x1536.png 1090w, https:\/\/www.echoes-sas.com\/www\/wp-content\/uploads\/2026\/02\/Capture-decran-2026-02-27-a-11.38.44.png 1248w\" sizes=\"auto, (max-width: 727px) 100vw, 727px\" \/><\/figure>\n\n\n\n<figure class=\"wp-block-image alignwide size-large\"><img loading=\"lazy\" decoding=\"async\" width=\"729\" height=\"1024\" src=\"https:\/\/www.echoes-sas.com\/www\/wp-content\/uploads\/2026\/02\/Capture-decran-2026-02-27-a-11.38.59-729x1024.png\" alt=\"\" class=\"wp-image-554\" srcset=\"https:\/\/www.echoes-sas.com\/www\/wp-content\/uploads\/2026\/02\/Capture-decran-2026-02-27-a-11.38.59-729x1024.png 729w, https:\/\/www.echoes-sas.com\/www\/wp-content\/uploads\/2026\/02\/Capture-decran-2026-02-27-a-11.38.59-214x300.png 214w, https:\/\/www.echoes-sas.com\/www\/wp-content\/uploads\/2026\/02\/Capture-decran-2026-02-27-a-11.38.59-768x1078.png 768w, https:\/\/www.echoes-sas.com\/www\/wp-content\/uploads\/2026\/02\/Capture-decran-2026-02-27-a-11.38.59-1094x1536.png 1094w, https:\/\/www.echoes-sas.com\/www\/wp-content\/uploads\/2026\/02\/Capture-decran-2026-02-27-a-11.38.59.png 1248w\" sizes=\"auto, (max-width: 729px) 100vw, 729px\" \/><\/figure>\n\n\n\n<figure class=\"wp-block-image alignwide size-large\"><img loading=\"lazy\" decoding=\"async\" width=\"725\" height=\"1024\" src=\"https:\/\/www.echoes-sas.com\/www\/wp-content\/uploads\/2026\/02\/Capture-decran-2026-02-27-a-11.40.56-725x1024.png\" alt=\"\" class=\"wp-image-550\" srcset=\"https:\/\/www.echoes-sas.com\/www\/wp-content\/uploads\/2026\/02\/Capture-decran-2026-02-27-a-11.40.56-725x1024.png 725w, https:\/\/www.echoes-sas.com\/www\/wp-content\/uploads\/2026\/02\/Capture-decran-2026-02-27-a-11.40.56-212x300.png 212w, https:\/\/www.echoes-sas.com\/www\/wp-content\/uploads\/2026\/02\/Capture-decran-2026-02-27-a-11.40.56-768x1084.png 768w, https:\/\/www.echoes-sas.com\/www\/wp-content\/uploads\/2026\/02\/Capture-decran-2026-02-27-a-11.40.56-1088x1536.png 1088w, https:\/\/www.echoes-sas.com\/www\/wp-content\/uploads\/2026\/02\/Capture-decran-2026-02-27-a-11.40.56.png 1408w\" sizes=\"auto, (max-width: 725px) 100vw, 725px\" \/><\/figure>\n\n\n\n<figure class=\"wp-block-image alignwide size-large\"><img loading=\"lazy\" decoding=\"async\" width=\"725\" height=\"1024\" src=\"https:\/\/www.echoes-sas.com\/www\/wp-content\/uploads\/2026\/02\/Capture-decran-2026-02-27-a-11.58.44-725x1024.png\" alt=\"\" class=\"wp-image-558\" srcset=\"https:\/\/www.echoes-sas.com\/www\/wp-content\/uploads\/2026\/02\/Capture-decran-2026-02-27-a-11.58.44-725x1024.png 725w, https:\/\/www.echoes-sas.com\/www\/wp-content\/uploads\/2026\/02\/Capture-decran-2026-02-27-a-11.58.44-213x300.png 213w, https:\/\/www.echoes-sas.com\/www\/wp-content\/uploads\/2026\/02\/Capture-decran-2026-02-27-a-11.58.44-768x1084.png 768w, https:\/\/www.echoes-sas.com\/www\/wp-content\/uploads\/2026\/02\/Capture-decran-2026-02-27-a-11.58.44-1088x1536.png 1088w, https:\/\/www.echoes-sas.com\/www\/wp-content\/uploads\/2026\/02\/Capture-decran-2026-02-27-a-11.58.44.png 1244w\" sizes=\"auto, (max-width: 725px) 100vw, 725px\" \/><\/figure>\n\n\n\n<figure class=\"wp-block-image alignwide size-large\"><img loading=\"lazy\" decoding=\"async\" width=\"725\" height=\"1024\" src=\"https:\/\/www.echoes-sas.com\/www\/wp-content\/uploads\/2026\/02\/Capture-decran-2026-02-27-a-11.41.23-725x1024.png\" alt=\"\" class=\"wp-image-549\" srcset=\"https:\/\/www.echoes-sas.com\/www\/wp-content\/uploads\/2026\/02\/Capture-decran-2026-02-27-a-11.41.23-725x1024.png 725w, https:\/\/www.echoes-sas.com\/www\/wp-content\/uploads\/2026\/02\/Capture-decran-2026-02-27-a-11.41.23-212x300.png 212w, https:\/\/www.echoes-sas.com\/www\/wp-content\/uploads\/2026\/02\/Capture-decran-2026-02-27-a-11.41.23-768x1084.png 768w, https:\/\/www.echoes-sas.com\/www\/wp-content\/uploads\/2026\/02\/Capture-decran-2026-02-27-a-11.41.23-1088x1536.png 1088w, https:\/\/www.echoes-sas.com\/www\/wp-content\/uploads\/2026\/02\/Capture-decran-2026-02-27-a-11.41.23.png 1408w\" sizes=\"auto, (max-width: 725px) 100vw, 725px\" \/><\/figure>\n\n\n\n<figure class=\"wp-block-image alignwide size-large\"><img loading=\"lazy\" decoding=\"async\" width=\"732\" height=\"1024\" src=\"https:\/\/www.echoes-sas.com\/www\/wp-content\/uploads\/2026\/03\/Capture-decran-2026-03-26-a-14.44.07-732x1024.png\" alt=\"\" class=\"wp-image-586\" srcset=\"https:\/\/www.echoes-sas.com\/www\/wp-content\/uploads\/2026\/03\/Capture-decran-2026-03-26-a-14.44.07-732x1024.png 732w, https:\/\/www.echoes-sas.com\/www\/wp-content\/uploads\/2026\/03\/Capture-decran-2026-03-26-a-14.44.07-214x300.png 214w, https:\/\/www.echoes-sas.com\/www\/wp-content\/uploads\/2026\/03\/Capture-decran-2026-03-26-a-14.44.07-768x1075.png 768w, https:\/\/www.echoes-sas.com\/www\/wp-content\/uploads\/2026\/03\/Capture-decran-2026-03-26-a-14.44.07-1097x1536.png 1097w, https:\/\/www.echoes-sas.com\/www\/wp-content\/uploads\/2026\/03\/Capture-decran-2026-03-26-a-14.44.07.png 1416w\" sizes=\"auto, (max-width: 732px) 100vw, 732px\" \/><\/figure>\n\n\n\n<p><\/p>\n\n\n\n<figure class=\"wp-block-image alignwide size-large\"><img loading=\"lazy\" decoding=\"async\" width=\"723\" height=\"1024\" src=\"https:\/\/www.echoes-sas.com\/www\/wp-content\/uploads\/2026\/02\/Capture-decran-2026-02-27-a-11.47.49-723x1024.png\" alt=\"\" class=\"wp-image-547\" srcset=\"https:\/\/www.echoes-sas.com\/www\/wp-content\/uploads\/2026\/02\/Capture-decran-2026-02-27-a-11.47.49-723x1024.png 723w, https:\/\/www.echoes-sas.com\/www\/wp-content\/uploads\/2026\/02\/Capture-decran-2026-02-27-a-11.47.49-212x300.png 212w, https:\/\/www.echoes-sas.com\/www\/wp-content\/uploads\/2026\/02\/Capture-decran-2026-02-27-a-11.47.49-768x1088.png 768w, https:\/\/www.echoes-sas.com\/www\/wp-content\/uploads\/2026\/02\/Capture-decran-2026-02-27-a-11.47.49-1084x1536.png 1084w, https:\/\/www.echoes-sas.com\/www\/wp-content\/uploads\/2026\/02\/Capture-decran-2026-02-27-a-11.47.49.png 1244w\" sizes=\"auto, (max-width: 723px) 100vw, 723px\" \/><\/figure>\n","protected":false},"excerpt":{"rendered":"<p>Retour D\u00e9couvrez nos immeubles HLM actuellement disponible \u00e0 la vente \u00e0 Metz, Thionville et Boulange.<\/p>\n","protected":false},"author":1,"featured_media":0,"parent":0,"menu_order":0,"comment_status":"closed","ping_status":"closed","template":"","meta":{"footnotes":""},"class_list":["post-225","page","type-page","status-publish","hentry"],"_links":{"self":[{"href":"https:\/\/www.echoes-sas.com\/www\/wp-json\/wp\/v2\/pages\/225","targetHints":{"allow":["GET"]}}],"collection":[{"href":"https:\/\/www.echoes-sas.com\/www\/wp-json\/wp\/v2\/pages"}],"about":[{"href":"https:\/\/www.echoes-sas.com\/www\/wp-json\/wp\/v2\/types\/page"}],"author":[{"embeddable":true,"href":"https:\/\/www.echoes-sas.com\/www\/wp-json\/wp\/v2\/users\/1"}],"replies":[{"embeddable":true,"href":"https:\/\/www.echoes-sas.com\/www\/wp-json\/wp\/v2\/comments?post=225"}],"version-history":[{"count":16,"href":"https:\/\/www.echoes-sas.com\/www\/wp-json\/wp\/v2\/pages\/225\/revisions"}],"predecessor-version":[{"id":587,"href":"https:\/\/www.echoes-sas.com\/www\/wp-json\/wp\/v2\/pages\/225\/revisions\/587"}],"wp:attachment":[{"href":"https:\/\/www.echoes-sas.com\/www\/wp-json\/wp\/v2\/media?parent=225"}],"curies":[{"name":"wp","href":"https:\/\/api.w.org\/{rel}","templated":true}]}}