{"id":305,"date":"2026-01-28T08:25:01","date_gmt":"2026-01-28T08:25:01","guid":{"rendered":"https:\/\/www.echoes-sas.com\/www\/?page_id=305"},"modified":"2026-03-20T09:03:35","modified_gmt":"2026-03-20T09:03:35","slug":"amo","status":"publish","type":"page","link":"https:\/\/www.echoes-sas.com\/www\/amo\/","title":{"rendered":"AMO"},"content":{"rendered":"\n<p class=\"has-text-align-right\"><a href=\"https:\/\/www.echoes-sas.com\/www\/ingenierie\/\">Retour<\/a><\/p>\n\n\n\n<p>L\u2019Assistance \u00e0 Ma\u00eetrise d\u2019Ouvrage (AMO) est un accompagnement sur mesure destin\u00e9 \u00e0 s\u00e9curiser et structurer un projet immobilier, qu\u2019il s\u2019agisse de r\u00e9novation, de construction ou d\u2019investissement. Elle consiste \u00e0 assister le client \u00e0 chaque \u00e9tape, depuis la d\u00e9finition du besoin jusqu\u2019au suivi global du projet, en apportant une vision claire, des conseils objectifs et une aide \u00e0 la prise de d\u00e9cision. L\u2019AMO agit comme un partenaire ind\u00e9pendant qui d\u00e9fend exclusivement les int\u00e9r\u00eats du ma\u00eetre d\u2019ouvrage, en l\u2019accompagnant dans les choix techniques, la s\u00e9lection des intervenants et le pilotage des diff\u00e9rentes phases du projet. Cet accompagnement permet de mieux ma\u00eetriser les co\u00fbts, d\u2019anticiper les risques, de gagner du temps et d\u2019aborder son projet avec plus de s\u00e9r\u00e9nit\u00e9, en s\u2019appuyant sur une expertise globale et une coordination efficace des acteurs.<\/p>\n\n\n\n<p class=\"has-text-align-right\"><a href=\"https:\/\/www.echoes-sas.com\/www\/nos-projets-amo\/\" data-type=\"link\" data-id=\"https:\/\/www.echoes-sas.com\/www\/nos-projets-amo\/\">Nos projets<\/a><\/p>\n\n\n\n<p><\/p>\n","protected":false},"excerpt":{"rendered":"<p>Retour L\u2019Assistance \u00e0 Ma\u00eetrise d\u2019Ouvrage (AMO) est un accompagnement sur mesure destin\u00e9 \u00e0 s\u00e9curiser et structurer un projet immobilier, qu\u2019il s\u2019agisse de r\u00e9novation, de construction ou d\u2019investissement. Elle consiste \u00e0 assister le client \u00e0 chaque \u00e9tape, depuis la d\u00e9finition du besoin jusqu\u2019au suivi global du projet, en apportant une vision claire, des conseils objectifs et [&hellip;]<\/p>\n","protected":false},"author":1,"featured_media":0,"parent":0,"menu_order":0,"comment_status":"closed","ping_status":"closed","template":"","meta":{"footnotes":""},"class_list":["post-305","page","type-page","status-publish","hentry"],"_links":{"self":[{"href":"https:\/\/www.echoes-sas.com\/www\/wp-json\/wp\/v2\/pages\/305","targetHints":{"allow":["GET"]}}],"collection":[{"href":"https:\/\/www.echoes-sas.com\/www\/wp-json\/wp\/v2\/pages"}],"about":[{"href":"https:\/\/www.echoes-sas.com\/www\/wp-json\/wp\/v2\/types\/page"}],"author":[{"embeddable":true,"href":"https:\/\/www.echoes-sas.com\/www\/wp-json\/wp\/v2\/users\/1"}],"replies":[{"embeddable":true,"href":"https:\/\/www.echoes-sas.com\/www\/wp-json\/wp\/v2\/comments?post=305"}],"version-history":[{"count":4,"href":"https:\/\/www.echoes-sas.com\/www\/wp-json\/wp\/v2\/pages\/305\/revisions"}],"predecessor-version":[{"id":574,"href":"https:\/\/www.echoes-sas.com\/www\/wp-json\/wp\/v2\/pages\/305\/revisions\/574"}],"wp:attachment":[{"href":"https:\/\/www.echoes-sas.com\/www\/wp-json\/wp\/v2\/media?parent=305"}],"curies":[{"name":"wp","href":"https:\/\/api.w.org\/{rel}","templated":true}]}}