{"id":315,"date":"2026-01-28T08:52:07","date_gmt":"2026-01-28T08:52:07","guid":{"rendered":"https:\/\/www.echoes-sas.com\/www\/?page_id=315"},"modified":"2026-03-20T09:56:30","modified_gmt":"2026-03-20T09:56:30","slug":"etudes-techniques","status":"publish","type":"page","link":"https:\/\/www.echoes-sas.com\/www\/etudes-techniques\/","title":{"rendered":"\u00c9tudes techniques"},"content":{"rendered":"\n<p class=\"has-text-align-right\"><a href=\"https:\/\/www.echoes-sas.com\/www\/ingenierie\/\">Retour<\/a><\/p>\n\n\n\n<p>Les \u00e9tudes techniques constituent une \u00e9tape essentielle dans la r\u00e9ussite d\u2019un projet immobilier, qu\u2019il s\u2019agisse de construction, de r\u00e9novation ou de transformation d\u2019un bien. Elles permettent d\u2019analyser en d\u00e9tail les contraintes et les caract\u00e9ristiques du projet afin de garantir sa faisabilit\u00e9, sa conformit\u00e9 r\u00e9glementaire et sa performance globale. Cela inclut notamment les \u00e9tudes structurelles, thermiques, \u00e9nerg\u00e9tiques ou encore les diagnostics techniques n\u00e9cessaires \u00e0 la bonne conception du projet. En s\u2019appuyant sur ces analyses, il devient possible d\u2019optimiser les choix techniques, d\u2019anticiper les risques, de ma\u00eetriser les co\u00fbts et d\u2019assurer la durabilit\u00e9 de l\u2019ouvrage. R\u00e9alis\u00e9es en amont, les \u00e9tudes techniques offrent une base solide pour prendre des d\u00e9cisions \u00e9clair\u00e9es et s\u00e9curiser l\u2019ensemble du projet.<\/p>\n\n\n\n<p class=\"has-text-align-right\"><a href=\"https:\/\/www.echoes-sas.com\/www\/nos-projets-etudes-techniques\/\" data-type=\"link\" data-id=\"https:\/\/www.echoes-sas.com\/www\/nos-projets-etudes-techniques\/\">Nos projets<\/a><\/p>\n","protected":false},"excerpt":{"rendered":"<p>Retour Les \u00e9tudes techniques constituent une \u00e9tape essentielle dans la r\u00e9ussite d\u2019un projet immobilier, qu\u2019il s\u2019agisse de construction, de r\u00e9novation ou de transformation d\u2019un bien. Elles permettent d\u2019analyser en d\u00e9tail les contraintes et les caract\u00e9ristiques du projet afin de garantir sa faisabilit\u00e9, sa conformit\u00e9 r\u00e9glementaire et sa performance globale. Cela inclut notamment les \u00e9tudes structurelles, [&hellip;]<\/p>\n","protected":false},"author":1,"featured_media":0,"parent":0,"menu_order":0,"comment_status":"closed","ping_status":"closed","template":"","meta":{"footnotes":""},"class_list":["post-315","page","type-page","status-publish","hentry"],"_links":{"self":[{"href":"https:\/\/www.echoes-sas.com\/www\/wp-json\/wp\/v2\/pages\/315","targetHints":{"allow":["GET"]}}],"collection":[{"href":"https:\/\/www.echoes-sas.com\/www\/wp-json\/wp\/v2\/pages"}],"about":[{"href":"https:\/\/www.echoes-sas.com\/www\/wp-json\/wp\/v2\/types\/page"}],"author":[{"embeddable":true,"href":"https:\/\/www.echoes-sas.com\/www\/wp-json\/wp\/v2\/users\/1"}],"replies":[{"embeddable":true,"href":"https:\/\/www.echoes-sas.com\/www\/wp-json\/wp\/v2\/comments?post=315"}],"version-history":[{"count":5,"href":"https:\/\/www.echoes-sas.com\/www\/wp-json\/wp\/v2\/pages\/315\/revisions"}],"predecessor-version":[{"id":582,"href":"https:\/\/www.echoes-sas.com\/www\/wp-json\/wp\/v2\/pages\/315\/revisions\/582"}],"wp:attachment":[{"href":"https:\/\/www.echoes-sas.com\/www\/wp-json\/wp\/v2\/media?parent=315"}],"curies":[{"name":"wp","href":"https:\/\/api.w.org\/{rel}","templated":true}]}}