{"id":400,"date":"2026-01-29T14:06:03","date_gmt":"2026-01-29T14:06:03","guid":{"rendered":"https:\/\/www.echoes-sas.com\/www\/?page_id=400"},"modified":"2026-02-05T16:08:40","modified_gmt":"2026-02-05T16:08:40","slug":"rehabilitation","status":"publish","type":"page","link":"https:\/\/www.echoes-sas.com\/www\/rehabilitation\/","title":{"rendered":"R\u00e9habilitation"},"content":{"rendered":"\n<p class=\"has-text-align-right\"><a href=\"https:\/\/www.echoes-sas.com\/www\/maitrise-doeuvre\/\">Retour &gt; Ma\u00eetrise d&rsquo;oeuvre<\/a><\/p>\n\n\n\n<p><strong>Chez Echoes, nous privil\u00e9gions la r\u00e9habilitation comme une approche architecturale durable, responsable et ancr\u00e9e dans l\u2019existant.<\/strong><\/p>\n\n\n\n<p>Nous intervenons sur les b\u00e2timents existants pour leur redonner vie, am\u00e9liorer leurs performances et r\u00e9v\u00e9ler leur identit\u00e9, tout en respectant leur histoire et leur structure.<\/p>\n\n\n\n<h6 class=\"wp-block-heading\"><strong>Qu\u2019est-ce que la r\u00e9habilitation ?<\/strong><\/h6>\n\n\n\n<p>La <strong>r\u00e9habilitation en architecture<\/strong> est une pratique qui consiste \u00e0 <strong>transformer, r\u00e9parer et am\u00e9liorer un b\u00e2timent existant<\/strong> afin de l\u2019adapter aux besoins et aux usages contemporains, sans recourir \u00e0 la d\u00e9molition.<\/p>\n\n\n\n<p>Elle repose sur la <strong>conservation de l\u2019existant<\/strong> \u2014 structure, volumes, mat\u00e9riaux \u2014 tout en int\u00e9grant des interventions techniques et architecturales permettant d\u2019am\u00e9liorer le confort, la s\u00e9curit\u00e9 et les performances du b\u00e2timent.<br>La r\u00e9habilitation permet notamment la mise aux normes, l\u2019optimisation \u00e9nerg\u00e9tique, la redistribution des espaces et l\u2019adaptation \u00e0 de nouveaux usages.<\/p>\n\n\n\n<p>Cette d\u00e9marche s\u2019inscrit dans une vision durable de l\u2019architecture, o\u00f9 le projet se construit \u00e0 partir de ce qui existe d\u00e9j\u00e0, en valorisant le b\u00e2ti et son identit\u00e9 plut\u00f4t qu\u2019en l\u2019effa\u00e7ant.<\/p>\n\n\n\n<h6 class=\"wp-block-heading\"><strong>Les avantages de la r\u00e9habilitation<\/strong><\/h6>\n\n\n\n<p><strong>Une d\u00e9marche \u00e9cologique et durable<\/strong><\/p>\n\n\n\n<p>La r\u00e9habilitation limite fortement l\u2019impact environnemental des projets architecturaux. En conservant la structure existante, elle permet une <strong>r\u00e9duction significative de la consommation de ressources naturelles<\/strong> et g\u00e9n\u00e8re <strong>une empreinte carbone plus faible<\/strong> qu\u2019une construction neuve.<br>La <strong>r\u00e9utilisation des mat\u00e9riaux existants<\/strong> participe \u00e9galement \u00e0 la r\u00e9duction des d\u00e9chets et \u00e0 une approche plus responsable du chantier.<\/p>\n\n\n\n<p><strong>La pr\u00e9servation et la valorisation du patrimoine architectural<\/strong><\/p>\n\n\n\n<p>R\u00e9habiliter, c\u2019est pr\u00e9server l\u2019\u00e2me des b\u00e2timents. Cette pratique permet de <strong>conserver le patrimoine architectural<\/strong> tout en le faisant \u00e9voluer.<br>Elle met en valeur le <strong>caract\u00e8re historique, les mat\u00e9riaux d\u2019origine et l\u2019identit\u00e9 du lieu<\/strong>, tout en int\u00e9grant des \u00e9l\u00e9ments contemporains qui enrichissent le projet et renforcent son unicit\u00e9.<\/p>\n\n\n\n<p><strong>Un avantage \u00e9conomique et financier<\/strong><\/p>\n\n\n\n<p>La r\u00e9habilitation repr\u00e9sente souvent un <strong>co\u00fbt inf\u00e9rieur \u00e0 une construction neuve<\/strong>, gr\u00e2ce \u00e0 la conservation des structures existantes.<br>Elle permet \u00e9galement une <strong>r\u00e9duction des d\u00e9lais de chantier<\/strong>, limitant ainsi les co\u00fbts li\u00e9s au temps de construction, tout en optimisant l\u2019investissement global du projet.<\/p>\n\n\n\n<h4 class=\"wp-block-heading has-text-align-right\"><a href=\"https:\/\/www.youtube.com\/watch?v=Jse4ABXnl_g\">Nos intervention dans l&rsquo;\u00e9conomie du r\u00e9emploie<\/a><\/h4>\n\n\n\n<p><\/p>\n","protected":false},"excerpt":{"rendered":"<p>Retour &gt; Ma\u00eetrise d&rsquo;oeuvre Chez Echoes, nous privil\u00e9gions la r\u00e9habilitation comme une approche architecturale durable, responsable et ancr\u00e9e dans l\u2019existant. Nous intervenons sur les b\u00e2timents existants pour leur redonner vie, am\u00e9liorer leurs performances et r\u00e9v\u00e9ler leur identit\u00e9, tout en respectant leur histoire et leur structure. Qu\u2019est-ce que la r\u00e9habilitation ? La r\u00e9habilitation en architecture est [&hellip;]<\/p>\n","protected":false},"author":1,"featured_media":0,"parent":0,"menu_order":0,"comment_status":"closed","ping_status":"closed","template":"","meta":{"footnotes":""},"class_list":["post-400","page","type-page","status-publish","hentry"],"_links":{"self":[{"href":"https:\/\/www.echoes-sas.com\/www\/wp-json\/wp\/v2\/pages\/400","targetHints":{"allow":["GET"]}}],"collection":[{"href":"https:\/\/www.echoes-sas.com\/www\/wp-json\/wp\/v2\/pages"}],"about":[{"href":"https:\/\/www.echoes-sas.com\/www\/wp-json\/wp\/v2\/types\/page"}],"author":[{"embeddable":true,"href":"https:\/\/www.echoes-sas.com\/www\/wp-json\/wp\/v2\/users\/1"}],"replies":[{"embeddable":true,"href":"https:\/\/www.echoes-sas.com\/www\/wp-json\/wp\/v2\/comments?post=400"}],"version-history":[{"count":7,"href":"https:\/\/www.echoes-sas.com\/www\/wp-json\/wp\/v2\/pages\/400\/revisions"}],"predecessor-version":[{"id":530,"href":"https:\/\/www.echoes-sas.com\/www\/wp-json\/wp\/v2\/pages\/400\/revisions\/530"}],"wp:attachment":[{"href":"https:\/\/www.echoes-sas.com\/www\/wp-json\/wp\/v2\/media?parent=400"}],"curies":[{"name":"wp","href":"https:\/\/api.w.org\/{rel}","templated":true}]}}