{"id":409,"date":"2026-01-29T14:15:44","date_gmt":"2026-01-29T14:15:44","guid":{"rendered":"https:\/\/www.echoes-sas.com\/www\/?page_id=409"},"modified":"2026-01-29T16:20:19","modified_gmt":"2026-01-29T16:20:19","slug":"construction-neuve","status":"publish","type":"page","link":"https:\/\/www.echoes-sas.com\/www\/construction-neuve\/","title":{"rendered":"Construction neuve"},"content":{"rendered":"\n<p class=\"has-text-align-right\"><a href=\"https:\/\/www.echoes-sas.com\/www\/maitrise-doeuvre\/\">Retour &gt; Ma\u00eetrise d&rsquo;oeuvre<\/a><\/p>\n\n\n\n<p><strong>Chez Echoes, nous d\u00e9veloppons des projets de construction neuve en assurant une ma\u00eetrise globale du projet, de l\u2019id\u00e9e au b\u00e2ti.<\/strong><\/p>\n\n\n\n<h6 class=\"wp-block-heading\"><strong>Qu\u2019est-ce que la construction neuve ?<\/strong><\/h6>\n\n\n\n<p>La <strong>construction neuve<\/strong> est un processus global qui s\u2019articule autour de plusieurs \u00e9tapes cl\u00e9s, depuis l\u2019identification du foncier jusqu\u2019\u00e0 la livraison du projet et sa commercialisation.<\/p>\n\n\n\n<p>Elle d\u00e9bute par le <strong>foncier<\/strong>, \u00e9l\u00e9ment fondateur de toute op\u00e9ration, qui conditionne les possibilit\u00e9s architecturales, r\u00e9glementaires et techniques du projet.<\/p>\n\n\n\n<p>Viennent ensuite les phases d\u2019<strong>ing\u00e9nierie et d\u2019architecture<\/strong>, durant lesquelles le projet est con\u00e7u, optimis\u00e9 et adapt\u00e9 aux contraintes du site, aux usages et aux objectifs du ma\u00eetre d\u2019ouvrage.<\/p>\n\n\n\n<p>La phase de <strong>travaux<\/strong> permet la concr\u00e9tisation du projet, avec un suivi rigoureux de l\u2019ex\u00e9cution, des d\u00e9lais et de la qualit\u00e9.<\/p>\n\n\n\n<h6 class=\"wp-block-heading\"><strong>Les avantages de la construction neuve<\/strong><\/h6>\n\n\n\n<p><strong>Une libert\u00e9 totale dans la conception<\/strong><\/p>\n\n\n\n<p>La construction neuve permet de <strong>concevoir le projet de A \u00e0 Z<\/strong>, sans contraintes li\u00e9es \u00e0 l\u2019existant.<br>Chaque b\u00e2timent peut \u00eatre pens\u00e9 selon les besoins pr\u00e9cis des utilisateurs, les normes actuelles et les ambitions architecturales, offrant une <strong>personnalisation compl\u00e8te<\/strong> et une optimisation maximale des espaces.<\/p>\n\n\n\n<p><strong>Des performances techniques et \u00e9nerg\u00e9tiques optimis\u00e9es<\/strong><\/p>\n\n\n\n<p>Construire un b\u00e2timent neuf permet d\u2019int\u00e9grer d\u00e8s le d\u00e9part des <strong>technologies modernes<\/strong>, des mat\u00e9riaux performants et des solutions durables.<br>Les b\u00e2timents neufs r\u00e9pondent ainsi aux <strong>normes environnementales et \u00e9nerg\u00e9tiques les plus r\u00e9centes<\/strong>, garantissant un confort optimal et des co\u00fbts de fonctionnement r\u00e9duits sur le long terme.<\/p>\n\n\n\n<p><strong>Une ma\u00eetrise des d\u00e9lais et des co\u00fbts<\/strong><\/p>\n\n\n\n<p>Avec la construction neuve, toutes les \u00e9tapes du projet sont planifi\u00e9es d\u00e8s le d\u00e9part : acquisition du foncier, conception, travaux et livraison.<br>Cette organisation rigoureuse permet de <strong>ma\u00eetriser les d\u00e9lais<\/strong> et de <strong>limiter les impr\u00e9vus<\/strong>, tout en respectant le budget initial, ce qui assure une grande fiabilit\u00e9 pour les investisseurs et les clients.<\/p>\n\n\n\n<p><strong>Une durabilit\u00e9 et une valeur patrimoniale accrues<\/strong><\/p>\n\n\n\n<p>Un b\u00e2timent neuf b\u00e9n\u00e9ficie de mat\u00e9riaux et techniques modernes, con\u00e7us pour durer.<br>Il permet \u00e9galement de <strong>valoriser le foncier<\/strong> et de proposer un produit attractif pour les futurs occupants ou investisseurs, tout en participant \u00e0 la dynamique urbaine du quartier.<\/p>\n","protected":false},"excerpt":{"rendered":"<p>Retour &gt; Ma\u00eetrise d&rsquo;oeuvre Chez Echoes, nous d\u00e9veloppons des projets de construction neuve en assurant une ma\u00eetrise globale du projet, de l\u2019id\u00e9e au b\u00e2ti. Qu\u2019est-ce que la construction neuve ? La construction neuve est un processus global qui s\u2019articule autour de plusieurs \u00e9tapes cl\u00e9s, depuis l\u2019identification du foncier jusqu\u2019\u00e0 la livraison du projet et sa [&hellip;]<\/p>\n","protected":false},"author":1,"featured_media":0,"parent":0,"menu_order":0,"comment_status":"closed","ping_status":"closed","template":"","meta":{"footnotes":""},"class_list":["post-409","page","type-page","status-publish","hentry"],"_links":{"self":[{"href":"https:\/\/www.echoes-sas.com\/www\/wp-json\/wp\/v2\/pages\/409","targetHints":{"allow":["GET"]}}],"collection":[{"href":"https:\/\/www.echoes-sas.com\/www\/wp-json\/wp\/v2\/pages"}],"about":[{"href":"https:\/\/www.echoes-sas.com\/www\/wp-json\/wp\/v2\/types\/page"}],"author":[{"embeddable":true,"href":"https:\/\/www.echoes-sas.com\/www\/wp-json\/wp\/v2\/users\/1"}],"replies":[{"embeddable":true,"href":"https:\/\/www.echoes-sas.com\/www\/wp-json\/wp\/v2\/comments?post=409"}],"version-history":[{"count":5,"href":"https:\/\/www.echoes-sas.com\/www\/wp-json\/wp\/v2\/pages\/409\/revisions"}],"predecessor-version":[{"id":433,"href":"https:\/\/www.echoes-sas.com\/www\/wp-json\/wp\/v2\/pages\/409\/revisions\/433"}],"wp:attachment":[{"href":"https:\/\/www.echoes-sas.com\/www\/wp-json\/wp\/v2\/media?parent=409"}],"curies":[{"name":"wp","href":"https:\/\/api.w.org\/{rel}","templated":true}]}}