{"id":501,"date":"2026-02-05T14:03:17","date_gmt":"2026-02-05T14:03:17","guid":{"rendered":"https:\/\/www.echoes-sas.com\/www\/?page_id=501"},"modified":"2026-02-05T16:17:12","modified_gmt":"2026-02-05T16:17:12","slug":"mentions-legales-cgu","status":"publish","type":"page","link":"https:\/\/www.echoes-sas.com\/www\/mentions-legales-cgu\/","title":{"rendered":"Mentions l\u00e9gales &amp; CGU"},"content":{"rendered":"\n<h5 class=\"wp-block-heading\"><strong>Informations<\/strong><\/h5>\n\n\n\n<p>Le pr\u00e9sent site est \u00e9dit\u00e9 par ECHOES, SAS au capital de 1 000 \u20ac, dont le si\u00e8ge social est situ\u00e9 58 rue Pont \u00e0 Mousson 57 900  \u00e0 Montigny-l\u00e8s-Metz.                      Tel 03 87 37 22 87<\/p>\n\n\n\n<p><strong>Directeur de la publication :<\/strong>&nbsp;Simon Riffault<\/p>\n\n\n\n<h5 class=\"wp-block-heading\"><strong>Informations relatives \u00e0 l&rsquo;h\u00e9bergeur<\/strong><\/h5>\n\n\n\n<p>Le site est h\u00e9berg\u00e9 par\u00a0OVH SAS, dont le si\u00e8ge social est situ\u00e9 au\u00a02 rue Kellermann, 59100 Roubaix, France,\u00a0SIREN : 424 761 419, joignable par t\u00e9l\u00e9phone au\u00a0+33 (0)9 72 10 10 07.<\/p>\n\n\n\n<h5 class=\"wp-block-heading\"><strong>Recommandations pour la visualisation<\/strong><\/h5>\n\n\n\n<h6 class=\"wp-block-heading\">Informations techniques&nbsp;:<\/h6>\n\n\n\n<p>Accessibilit\u00e9 au site 24 heures sur 24 et 7 jours sur 7 sauf cas de force majeure, difficult\u00e9s informatiques, difficult\u00e9s li\u00e9es \u00e0 la structure des r\u00e9seaux de communication ou difficult\u00e9 d&rsquo;ordre technique. Interruption possible \u00e0 tout moment du site pour des raisons de maintenance.<\/p>\n\n\n\n<h5 class=\"wp-block-heading\"><strong>Avertissement&nbsp;:<\/strong><\/h5>\n\n\n\n<h6 class=\"wp-block-heading\">1\/ Informations<\/h6>\n\n\n\n<p>Echoes fait les meilleurs efforts pour assurer l&rsquo;exactitude de l&rsquo;ensemble des informations mises \u00e0 la disposition des visiteurs sur echoes-sas.com, exactitude qu&rsquo;elle ne peut cependant garantir, l&rsquo;internaute \u00e9tant invit\u00e9 \u00e0 utiliser ces informations avec discernement et esprit critique. Les informations signal\u00e9es comme contenant des inexactitudes juridiques, techniques, des erreurs typographiques ou comme \u00e9tant incompl\u00e8tes feront l&rsquo;objet d&rsquo;un traitement sans d\u00e9lai par Echoes.<\/p>\n\n\n\n<h6 class=\"wp-block-heading\">2\/ Biens immobiliers<\/h6>\n\n\n\n<p>Les informations contenues dans le descriptif des biens \u00e0 vendre sont fournies par les \u00e9quipes commerciales de Echoes. La profession d&rsquo;agent immobilier est r\u00e9gie par la loi 70-9 du 2 janvier 1970, dite Loi HOGUET.<\/p>\n\n\n\n<h6 class=\"wp-block-heading\">3\/ Liens<\/h6>\n\n\n\n<p>Certains liens hypertextes pr\u00e9sents sur le site echoes.com vous dirigent vers des sites \u00e9dit\u00e9s par des tiers. L&rsquo;existence d&rsquo;un lien du pr\u00e9sent site vers d&rsquo;autres sites ne constitue pas une validation par Echoes de ces sites ou de leur contenu. Il appartient \u00e0 l&rsquo;internaute d&rsquo;utiliser les informations contenues dans ces sites avec discernement et esprit critique. La soci\u00e9t\u00e9 Echoes ne pourra \u00eatre tenue responsable \u00e0 raison du contenu de ces sites ou \u00e0 raison de leur r\u00e9f\u00e9rencement. Elle ne pourra pas plus \u00eatre tenue pour responsable d&rsquo;un d\u00e9faut d&rsquo;acc\u00e8s ou de fonctionnement de ces sites, leur acc\u00e8s technique comme leur bon fonctionnement n&rsquo;\u00e9tant pas garantis.<br><\/p>\n\n\n\n<h5 class=\"wp-block-heading\"><strong>Mentions l\u00e9gales<\/strong><\/h5>\n\n\n\n<p>Si l&rsquo;utilisateur demande des informations sur les annonces et services immobiliers, sa demande sera trait\u00e9e par Echoes, service immobilier mandat\u00e9e pour la vente du bien objet de l&rsquo;annonce.<\/p>\n\n\n\n<p>Si l&rsquo;utilisateur demande des informations autres que sur les annonces et services immobiliers sa demande sera trait\u00e9e par le service administratif.<\/p>\n\n\n\n<p>Les informations nominatives communiqu\u00e9es aux agences par les utilisateurs du site du R\u00e9seau&nbsp;Echoes par l&rsquo;interm\u00e9diaire des formulaires ou par les questionnaires mis en ligne renseign\u00e9s par les utilisateurs sont uniquement envoy\u00e9es aux agences destinataires. Elles ne sont communiqu\u00e9es qu&rsquo;\u00e0 des tiers autoris\u00e9s, pour satisfaire \u00e0 des obligations l\u00e9gales et r\u00e8glementaires.<\/p>\n\n\n\n<p>Le titulaire dispose d&rsquo;un droit d&rsquo;acc\u00e8s, de modification, de rectification et de suppression pour toute information le concernant aupr\u00e8s de l&rsquo;agence qui traite les informations qu&rsquo;il a communiqu\u00e9es.<\/p>\n\n\n\n<p>Si l&rsquo;utilisateur communique son adresse \u00e9lectronique ou son num\u00e9ro de fax, l&rsquo;agence sera conduite \u00e0 solliciter son consentement expr\u00e8s et pr\u00e9alable \u00e0 recevoir par courrier \u00e9lectronique ou par fax des informations commerciales et publicitaires concernant les produits et services de l&rsquo;agence.<\/p>\n\n\n\n<p>Si l&rsquo;utilisateur communique son num\u00e9ro de t\u00e9l\u00e9phone ou son adresse postale, l&rsquo;agence peut \u00eatre conduite \u00e0 lui proposer par t\u00e9l\u00e9phone ou par courrier postal des informations commerciales et publicitaires concernant les produits et services de l&rsquo;agence. L&rsquo;utilisateur a la possibilit\u00e9 de s&rsquo;y opposer en adressant un courrier aupr\u00e8s de l&rsquo;agence qui a collect\u00e9 les donn\u00e9es communiqu\u00e9es par l&rsquo;utilisateur.<\/p>\n\n\n\n<h5 class=\"wp-block-heading\">Adresses IP&nbsp;:<\/h5>\n\n\n\n<p>Nous collectons les adresses IP des internautes qui visitent notre site \u00e0 des fins de statistiques et en cas d&rsquo;abus, afin de r\u00e9pondre aux demandes d&rsquo;informations des autorit\u00e9s comp\u00e9tentes.<\/p>\n\n\n\n<h5 class=\"wp-block-heading\">Propri\u00e9t\u00e9 intellectuelle&nbsp;:<\/h5>\n\n\n\n<p>L&rsquo;int\u00e9gralit\u00e9 du contenu (textes, images, donn\u00e9es, graphiques, bandes sonores&#8230;) et la forme du pr\u00e9sent site rel\u00e8ve de la l\u00e9gislation internationale sur le droit d&rsquo;auteur, le droit des marques et, de fa\u00e7on g\u00e9n\u00e9rale, sur la propri\u00e9t\u00e9 intellectuelle, et sont la propri\u00e9t\u00e9 exclusive de Echoes.<\/p>\n\n\n\n<p>Toute reproduction, repr\u00e9sentation ou diffusion, totale ou partielle, des pages, donn\u00e9es, ou de tout autre \u00e9l\u00e9ment du pr\u00e9sent site internet, sur quelque support et par quelque proc\u00e9d\u00e9 que ce soit, sans l&rsquo;autorisation expresse de Echoes&nbsp;France, est interdite. Le non-respect de cette interdiction constitue une contrefa\u00e7on susceptible d&rsquo;engager la responsabilit\u00e9 civile et p\u00e9nale du contrefacteur.<\/p>\n\n\n\n<p>Il est strictement interdit d&rsquo;utiliser ou de reproduire le nom Echoes ou son logo, seuls ou associ\u00e9s, \u00e0 quelque titre que ce soit, notamment \u00e0 des fins publicitaires, sans l&rsquo;accord pr\u00e9alable \u00e9crit de Echoes.<\/p>\n\n\n\n<h5 class=\"wp-block-heading\">Loi applicable&nbsp;:<\/h5>\n\n\n\n<p>Le contenu du pr\u00e9sent site est soumis au droit fran\u00e7ais. Tout litige concernant son contenu comme son utilisation et les recours susceptibles d&rsquo;en d\u00e9couler est soumis \u00e0 la comp\u00e9tence exclusive des tribunaux fran\u00e7ais.<\/p>\n\n\n\n<h5 class=\"wp-block-heading\">Index \u00e9galit\u00e9 professionnelle entre les femmes et les hommes&nbsp;:<\/h5>\n\n\n\n<p>Ann\u00e9e 2025 au titre des donn\u00e9es 2024<\/p>\n\n\n\n<p>R\u00e9sultat global obtenu : 82 sur 100 points, soit une progression de 6 points<br>1\/ Ecart de r\u00e9mun\u00e9ration entre les femmes et les hommes : 27\/40 points<br>2\/ Ecart de taux d\u2019augmentations entre les femmes et les hommes : 35\/35 points<br>3\/ % de salari\u00e9es augment\u00e9es dans l\u2019ann\u00e9e suivant leur retour de cong\u00e9 maternit\u00e9 : 15\/15<br>4\/ Nombre de salari\u00e9s du sexe sous-repr\u00e9sent\u00e9 parmi les 10 plus hautes r\u00e9mun\u00e9rations : 5\/10 points<\/p>\n\n\n\n<p>Objectifs de progression, publi\u00e9 le 28 f\u00e9vrier 2025 :<br>Concernant le point 1\/ l&rsquo;\u00e9cart \u00e9tant favorable aux hommes, la Direction veillera \u00e0 faire progresser davantage les r\u00e9mun\u00e9rations des femmes, et pour se faire, sensibilisera les managers.<br>Concernant le point 4\/ la Direction s\u2019attachera \u00e0 \u00e9tudier la promotion de femmes afin qu\u2019elles fassent partie en nombre plus important des 10 plus hautes r\u00e9mun\u00e9rations, ce qu\u2019elle a fait en partie en augmentant la repr\u00e9sentation des femmes.<\/p>\n","protected":false},"excerpt":{"rendered":"<p>Informations Le pr\u00e9sent site est \u00e9dit\u00e9 par ECHOES, SAS au capital de 1 000 \u20ac, dont le si\u00e8ge social est situ\u00e9 58 rue Pont \u00e0 Mousson 57 900 \u00e0 Montigny-l\u00e8s-Metz. Tel 03 87 37 22 87 Directeur de la publication :&nbsp;Simon Riffault Informations relatives \u00e0 l&rsquo;h\u00e9bergeur Le site est h\u00e9berg\u00e9 par\u00a0OVH SAS, dont le si\u00e8ge [&hellip;]<\/p>\n","protected":false},"author":1,"featured_media":0,"parent":0,"menu_order":0,"comment_status":"closed","ping_status":"closed","template":"","meta":{"footnotes":""},"class_list":["post-501","page","type-page","status-publish","hentry"],"_links":{"self":[{"href":"https:\/\/www.echoes-sas.com\/www\/wp-json\/wp\/v2\/pages\/501","targetHints":{"allow":["GET"]}}],"collection":[{"href":"https:\/\/www.echoes-sas.com\/www\/wp-json\/wp\/v2\/pages"}],"about":[{"href":"https:\/\/www.echoes-sas.com\/www\/wp-json\/wp\/v2\/types\/page"}],"author":[{"embeddable":true,"href":"https:\/\/www.echoes-sas.com\/www\/wp-json\/wp\/v2\/users\/1"}],"replies":[{"embeddable":true,"href":"https:\/\/www.echoes-sas.com\/www\/wp-json\/wp\/v2\/comments?post=501"}],"version-history":[{"count":4,"href":"https:\/\/www.echoes-sas.com\/www\/wp-json\/wp\/v2\/pages\/501\/revisions"}],"predecessor-version":[{"id":533,"href":"https:\/\/www.echoes-sas.com\/www\/wp-json\/wp\/v2\/pages\/501\/revisions\/533"}],"wp:attachment":[{"href":"https:\/\/www.echoes-sas.com\/www\/wp-json\/wp\/v2\/media?parent=501"}],"curies":[{"name":"wp","href":"https:\/\/api.w.org\/{rel}","templated":true}]}}