{"id":92,"date":"2026-01-10T01:47:48","date_gmt":"2026-01-10T01:47:48","guid":{"rendered":"https:\/\/www.echoes-sas.com\/www\/?page_id=92"},"modified":"2026-02-05T14:16:20","modified_gmt":"2026-02-05T14:16:20","slug":"accueil","status":"publish","type":"page","link":"https:\/\/www.echoes-sas.com\/www\/","title":{"rendered":"Accueil"},"content":{"rendered":"\n<div class=\"wp-block-group alignfull has-global-padding is-content-justification-left is-layout-constrained wp-container-core-group-is-layout-edb45cc0 wp-block-group-is-layout-constrained\" style=\"margin-top:0px;margin-bottom:0px;padding-top:70px;padding-right:50px;padding-bottom:100px;padding-left:50px\">\n<div class=\"wp-block-columns are-vertically-aligned-center is-layout-flex wp-container-core-columns-is-layout-28f84493 wp-block-columns-is-layout-flex\">\n<div class=\"wp-block-column is-vertically-aligned-center is-layout-flow wp-container-core-column-is-layout-a7fa7455 wp-block-column-is-layout-flow\" style=\"flex-basis:1050px\">\n<h2 class=\"wp-block-heading alignfull has-text-align-left has-text-color\" style=\"color:#000000;font-size:clamp(35.2px, 2.2rem + ((1vw - 3.2px) * 3.273), 64px);font-style:normal;font-weight:400\">Votre partenaire de confiance pour tous vos projets immobiliers r\u00e9ussis !<\/h2>\n<\/div>\n<\/div>\n\n\n\n<div class=\"wp-block-columns alignfull is-layout-flex wp-container-core-columns-is-layout-11bda0fe wp-block-columns-is-layout-flex\" style=\"padding-right:2rem;padding-left:2rem\">\n<div class=\"wp-block-column is-vertically-aligned-center is-layout-flow wp-container-core-column-is-layout-3ca914a4 wp-block-column-is-layout-flow\">\n<p><\/p>\n\n\n\n<p class=\"has-text-color\" style=\"color:#000000;font-size:clamp(14px, 0.875rem + ((1vw - 3.2px) * 0.341), 17px);font-style:normal;font-weight:300\">Chez Echoes, nous sommes fiers de partager notre portfolio, reflet de notre expertise en immobilier. Chaque projet que nous avons r\u00e9alis\u00e9 t\u00e9moigne de notre engagement envers la qualit\u00e9, l\u02bcinnovation et le respect de l\u2019environnement. D\u00e9couvrez comment nous avons transform\u00e9 des id\u00e9es en r\u00e9alit\u00e9, tout en r\u00e9pondant aux besoins de nos clients. Ensemble, donnons vie \u00e0 vos projets !<\/p>\n<\/div>\n<\/div>\n\n\n\n<div class=\"wp-block-group alignfull is-content-justification-center is-nowrap is-layout-flex wp-container-core-group-is-layout-23441af8 wp-block-group-is-layout-flex\">\n<figure class=\"wp-block-image size-full\"><a href=\"https:\/\/www.echoes-sas.com\/www\/nos-services\/\"><img loading=\"lazy\" decoding=\"async\" width=\"714\" height=\"646\" src=\"https:\/\/www.echoes-sas.com\/www\/wp-content\/uploads\/2026\/02\/Capture-decran-2026-02-05-a-11.20.39.png\" alt=\"\" class=\"wp-image-476\" srcset=\"https:\/\/www.echoes-sas.com\/www\/wp-content\/uploads\/2026\/02\/Capture-decran-2026-02-05-a-11.20.39.png 714w, https:\/\/www.echoes-sas.com\/www\/wp-content\/uploads\/2026\/02\/Capture-decran-2026-02-05-a-11.20.39-300x271.png 300w\" sizes=\"auto, (max-width: 714px) 100vw, 714px\" \/><\/a><\/figure>\n\n\n\n<figure class=\"wp-block-image size-full\"><a href=\"https:\/\/www.echoes-sas.com\/www\/a-propos\/\"><img loading=\"lazy\" decoding=\"async\" width=\"710\" height=\"650\" src=\"https:\/\/www.echoes-sas.com\/www\/wp-content\/uploads\/2026\/02\/Capture-decran-2026-02-05-a-11.20.46.png\" alt=\"\" class=\"wp-image-477\" srcset=\"https:\/\/www.echoes-sas.com\/www\/wp-content\/uploads\/2026\/02\/Capture-decran-2026-02-05-a-11.20.46.png 710w, https:\/\/www.echoes-sas.com\/www\/wp-content\/uploads\/2026\/02\/Capture-decran-2026-02-05-a-11.20.46-300x275.png 300w\" sizes=\"auto, (max-width: 710px) 100vw, 710px\" \/><\/a><\/figure>\n\n\n\n<figure class=\"wp-block-image size-full\"><a href=\"https:\/\/www.echoes-sas.com\/www\/comment-nous-joindre\/\"><img loading=\"lazy\" decoding=\"async\" width=\"712\" height=\"652\" src=\"https:\/\/www.echoes-sas.com\/www\/wp-content\/uploads\/2026\/02\/Capture-decran-2026-02-05-a-11.21.03.png\" alt=\"\" class=\"wp-image-478\" srcset=\"https:\/\/www.echoes-sas.com\/www\/wp-content\/uploads\/2026\/02\/Capture-decran-2026-02-05-a-11.21.03.png 712w, https:\/\/www.echoes-sas.com\/www\/wp-content\/uploads\/2026\/02\/Capture-decran-2026-02-05-a-11.21.03-300x275.png 300w\" sizes=\"auto, (max-width: 712px) 100vw, 712px\" \/><\/a><\/figure>\n<\/div>\n<\/div>\n\n\n\n<div class=\"wp-block-group alignfull has-global-padding is-layout-constrained wp-block-group-is-layout-constrained\" style=\"margin-top:0px;margin-bottom:0px\">\n<div class=\"wp-block-cover alignfull has-parallax\" style=\"min-height:650px;aspect-ratio:unset;\"><div class=\"wp-block-cover__image-background wp-image-79 size-full has-parallax\" style=\"background-position:50% 50%;background-image:url(https:\/\/www.echoes-sas.com\/www\/wp-content\/uploads\/2026\/01\/4_page-0001-scaled.jpg)\"><\/div><span aria-hidden=\"true\" class=\"wp-block-cover__background has-background-dim-0 has-background-dim\" style=\"background-color:#79756d\"><\/span><div class=\"wp-block-cover__inner-container is-layout-flow wp-block-cover-is-layout-flow\">\n<p class=\"has-text-align-center has-large-font-size\"><\/p>\n<\/div><\/div>\n<\/div>\n\n\n\n<div class=\"wp-block-group alignfull has-background has-global-padding is-content-justification-center is-layout-constrained wp-container-core-group-is-layout-e3d7a563 wp-block-group-is-layout-constrained\" style=\"background-color:#f4f4f4;margin-top:0px;margin-bottom:0px;padding-top:50px;padding-right:65px;padding-bottom:50px;padding-left:65px\">\n<div class=\"wp-block-columns alignfull is-layout-flex wp-container-core-columns-is-layout-4e7ae05e wp-block-columns-is-layout-flex\" style=\"padding-right:2rem;padding-left:2rem\">\n<div class=\"wp-block-column is-layout-flow wp-container-core-column-is-layout-3ca914a4 wp-block-column-is-layout-flow\"><\/div>\n\n\n\n<div class=\"wp-block-column is-layout-flow wp-container-core-column-is-layout-3ca914a4 wp-block-column-is-layout-flow\"><\/div>\n\n\n\n<div class=\"wp-block-column is-layout-flow wp-container-core-column-is-layout-3ca914a4 wp-block-column-is-layout-flow\"><\/div>\n\n\n\n<div class=\"wp-block-column is-layout-flow wp-container-core-column-is-layout-3ca914a4 wp-block-column-is-layout-flow\"><\/div>\n\n\n\n<div class=\"wp-block-column is-layout-flow wp-container-core-column-is-layout-3ca914a4 wp-block-column-is-layout-flow\"><\/div>\n\n\n\n<div class=\"wp-block-column is-layout-flow wp-container-core-column-is-layout-3ca914a4 wp-block-column-is-layout-flow\"><\/div>\n<\/div>\n<\/div>\n\n\n\n<div class=\"wp-block-group alignfull has-custom-color-6-background-color has-background has-global-padding is-content-justification-left is-layout-constrained wp-container-core-group-is-layout-d00ea742 wp-block-group-is-layout-constrained\" style=\"margin-top:0px;padding-top:100px;padding-right:65px;padding-bottom:100px;padding-left:65px\">\n<div class=\"wp-block-group alignwide is-layout-grid wp-container-core-group-is-layout-478b6e6b wp-block-group-is-layout-grid\">\n<div class=\"wp-block-group is-nowrap is-layout-flex wp-container-core-group-is-layout-6c531013 wp-block-group-is-layout-flex\">\n<p><a href=\"https:\/\/www.echoes-sas.com\/www\/mentions-legales-cgu\/\">Mentions l\u00e9gales &amp; CGU<\/a><\/p>\n<\/div>\n\n\n\n<div class=\"wp-block-group is-nowrap is-layout-flex wp-container-core-group-is-layout-6c531013 wp-block-group-is-layout-flex\"><\/div>\n\n\n\n<div class=\"wp-block-group is-nowrap is-layout-flex wp-container-core-group-is-layout-6c531013 wp-block-group-is-layout-flex\"><\/div>\n\n\n\n<p class=\"has-text-align-center wp-container-content-69bc4bdf\"><\/p>\n<\/div>\n<\/div>\n","protected":false},"excerpt":{"rendered":"<p>Votre partenaire de confiance pour tous vos projets immobiliers r\u00e9ussis ! Chez Echoes, nous sommes fiers de partager notre portfolio, reflet de notre expertise en immobilier. Chaque projet que nous avons r\u00e9alis\u00e9 t\u00e9moigne de notre engagement envers la qualit\u00e9, l\u02bcinnovation et le respect de l\u2019environnement. D\u00e9couvrez comment nous avons transform\u00e9 des id\u00e9es en r\u00e9alit\u00e9, tout [&hellip;]<\/p>\n","protected":false},"author":1,"featured_media":0,"parent":0,"menu_order":0,"comment_status":"closed","ping_status":"closed","template":"","meta":{"footnotes":""},"class_list":["post-92","page","type-page","status-publish","hentry"],"_links":{"self":[{"href":"https:\/\/www.echoes-sas.com\/www\/wp-json\/wp\/v2\/pages\/92","targetHints":{"allow":["GET"]}}],"collection":[{"href":"https:\/\/www.echoes-sas.com\/www\/wp-json\/wp\/v2\/pages"}],"about":[{"href":"https:\/\/www.echoes-sas.com\/www\/wp-json\/wp\/v2\/types\/page"}],"author":[{"embeddable":true,"href":"https:\/\/www.echoes-sas.com\/www\/wp-json\/wp\/v2\/users\/1"}],"replies":[{"embeddable":true,"href":"https:\/\/www.echoes-sas.com\/www\/wp-json\/wp\/v2\/comments?post=92"}],"version-history":[{"count":39,"href":"https:\/\/www.echoes-sas.com\/www\/wp-json\/wp\/v2\/pages\/92\/revisions"}],"predecessor-version":[{"id":505,"href":"https:\/\/www.echoes-sas.com\/www\/wp-json\/wp\/v2\/pages\/92\/revisions\/505"}],"wp:attachment":[{"href":"https:\/\/www.echoes-sas.com\/www\/wp-json\/wp\/v2\/media?parent=92"}],"curies":[{"name":"wp","href":"https:\/\/api.w.org\/{rel}","templated":true}]}}