{"id":94,"date":"2026-01-10T01:48:12","date_gmt":"2026-01-10T01:48:12","guid":{"rendered":"https:\/\/www.echoes-sas.com\/www\/?page_id=94"},"modified":"2026-02-05T14:45:56","modified_gmt":"2026-02-05T14:45:56","slug":"transactions-immobilieres","status":"publish","type":"page","link":"https:\/\/www.echoes-sas.com\/www\/transactions-immobilieres\/","title":{"rendered":"Transactions"},"content":{"rendered":"\n<h4 class=\"wp-block-heading alignwide has-custom-color-2-color has-text-color\"><strong>TRANSACTIONS&nbsp;<\/strong><\/h4>\n\n\n\n<div class=\"wp-block-group has-global-padding is-content-justification-left is-layout-constrained wp-container-core-group-is-layout-f07040df wp-block-group-is-layout-constrained\" style=\"padding-top:4rem;padding-right:65px;padding-bottom:80px;padding-left:65px\">\n<div class=\"wp-block-columns alignfull is-layout-flex wp-container-core-columns-is-layout-430f08e6 wp-block-columns-is-layout-flex\">\n<div class=\"wp-block-column is-vertically-aligned-center is-layout-flow wp-container-core-column-is-layout-343acf9e wp-block-column-is-layout-flow\">\n<p style=\"font-size:clamp(14px, 0.875rem + ((1vw - 3.2px) * 0.227), 16px);font-style:normal;font-weight:300;line-height:1.8\">Nous vous accompagnons dans toutes vos transactions immobili\u00e8res, en mettant notre expertise au service de projets sur mesure. Chaque transaction b\u00e9n\u00e9ficie d&rsquo;un suivi attentif et de conseils personnalis\u00e9s, afin de garantir des ventes rapides, s\u00e9curis\u00e9es et parfaitement adapt\u00e9es aux besoins de nos clients.<\/p>\n<\/div>\n<\/div>\n<\/div>\n\n\n\n<div class=\"wp-block-media-text alignfull is-stacked-on-mobile\" style=\"grid-template-columns:33% auto\"><figure class=\"wp-block-media-text__media\"><a href=\"https:\/\/www.echoes-sas.com\/www\/vente-hlm\/\"><img loading=\"lazy\" decoding=\"async\" width=\"1024\" height=\"624\" src=\"https:\/\/www.echoes-sas.com\/www\/wp-content\/uploads\/2026\/01\/IMG_0853-1-1-1024x624.jpg\" alt=\"\" class=\"wp-image-209 size-full\" srcset=\"https:\/\/www.echoes-sas.com\/www\/wp-content\/uploads\/2026\/01\/IMG_0853-1-1-1024x624.jpg 1024w, https:\/\/www.echoes-sas.com\/www\/wp-content\/uploads\/2026\/01\/IMG_0853-1-1-300x183.jpg 300w, https:\/\/www.echoes-sas.com\/www\/wp-content\/uploads\/2026\/01\/IMG_0853-1-1-768x468.jpg 768w, https:\/\/www.echoes-sas.com\/www\/wp-content\/uploads\/2026\/01\/IMG_0853-1-1.jpg 1290w\" sizes=\"auto, (max-width: 1024px) 100vw, 1024px\" \/><\/a><\/figure><div class=\"wp-block-media-text__content\">\n<h3 class=\"wp-block-heading has-text-align-left\"><a href=\"https:\/\/www.echoes-sas.com\/www\/vente-hlm\/\">VENTE HLM<\/a><\/h3>\n\n\n\n<p class=\"has-text-align-left\">Acteur de r\u00e9f\u00e9rence de la transaction de logements HLM et de l&rsquo;accession \u00e0 prix ma\u00eetris\u00e9, <strong>Echoes<\/strong> accompagne les bailleurs sociaux du d\u00e9but de la r\u00e9flexion sur la vente des logements jusqu&rsquo;\u00e0 leur vente d\u00e9finitive, en prenant en charge l&rsquo;ensemble du processus de transaction de mani\u00e8re fiable et structur\u00e9e. <br>Notre engagement : garantir transparence, efficacit\u00e9 et s\u00e9curisation des op\u00e9rations tout au long de la commercialisation, au service des bailleurs sociaux comme des acqu\u00e9reurs.<\/p>\n<\/div><\/div>\n\n\n\n<div class=\"wp-block-media-text alignfull is-stacked-on-mobile\" style=\"grid-template-columns:33% auto\"><figure class=\"wp-block-media-text__media\"><a href=\"https:\/\/www.echoes-sas.com\/www\/vente-a-la-decoupe\/\"><img loading=\"lazy\" decoding=\"async\" width=\"1024\" height=\"683\" src=\"https:\/\/www.echoes-sas.com\/www\/wp-content\/uploads\/2026\/01\/Immeuble-moderne-avec-appartements-mis-en-valeur-1024x683.png\" alt=\"\" class=\"wp-image-211 size-full\" srcset=\"https:\/\/www.echoes-sas.com\/www\/wp-content\/uploads\/2026\/01\/Immeuble-moderne-avec-appartements-mis-en-valeur-1024x683.png 1024w, https:\/\/www.echoes-sas.com\/www\/wp-content\/uploads\/2026\/01\/Immeuble-moderne-avec-appartements-mis-en-valeur-300x200.png 300w, https:\/\/www.echoes-sas.com\/www\/wp-content\/uploads\/2026\/01\/Immeuble-moderne-avec-appartements-mis-en-valeur-768x512.png 768w, https:\/\/www.echoes-sas.com\/www\/wp-content\/uploads\/2026\/01\/Immeuble-moderne-avec-appartements-mis-en-valeur.png 1536w\" sizes=\"auto, (max-width: 1024px) 100vw, 1024px\" \/><\/a><\/figure><div class=\"wp-block-media-text__content\">\n<h3 class=\"wp-block-heading\"><a href=\"https:\/\/www.echoes-sas.com\/www\/vente-a-la-decoupe\/\">VENTE \u00c0 LA D\u00c9COUPE<\/a><\/h3>\n\n\n\n<p>Les op\u00e9rations de vente \u00e0 la d\u00e9coupe sont construites \u00e0 partir des objectifs patrimoniaux et financiers du client, qu&rsquo;il s&rsquo;agisse d&rsquo;une fonci\u00e8re, d&rsquo;une collectivit\u00e9 ou d&rsquo;une structure d&rsquo;investissement.<br>Chaque projet fait l&rsquo;objet d&rsquo;une approche sp\u00e9cifique, permettant d&rsquo;organiser une mise en vente progressive et ma\u00eetris\u00e9e des lots, dans le respect du cadre r\u00e8glementaire.<br>L&rsquo;intervention couvre notamment :<br>-l&rsquo;\u00e9tude approfondie de l&rsquo;immeuble et de sa situation <br>-la conception des supports et actions de mise en marche <br>-l&rsquo;application rigoureuse des dispositions l\u00e9gales et des accords collectifs encadrant les cong\u00e9s et \u00e0 la vente \u00e0 la d\u00e9coupe <br>-la mise en oeuvre d&rsquo;actions de vente cibl\u00e9es aupr\u00e8s des occupants et des investisseurs<\/p>\n<\/div><\/div>\n\n\n\n<div class=\"wp-block-media-text alignfull is-stacked-on-mobile\" style=\"grid-template-columns:33% auto\"><figure class=\"wp-block-media-text__media\"><a href=\"https:\/\/www.echoes-sas.com\/www\/vente-en-bloc\/\"><img loading=\"lazy\" decoding=\"async\" width=\"1024\" height=\"683\" src=\"https:\/\/www.echoes-sas.com\/www\/wp-content\/uploads\/2026\/01\/ChatGPT-Image-21-janv.-2026-a-10_14_43-1024x683.png\" alt=\"\" class=\"wp-image-212 size-full\" srcset=\"https:\/\/www.echoes-sas.com\/www\/wp-content\/uploads\/2026\/01\/ChatGPT-Image-21-janv.-2026-a-10_14_43-1024x683.png 1024w, https:\/\/www.echoes-sas.com\/www\/wp-content\/uploads\/2026\/01\/ChatGPT-Image-21-janv.-2026-a-10_14_43-300x200.png 300w, https:\/\/www.echoes-sas.com\/www\/wp-content\/uploads\/2026\/01\/ChatGPT-Image-21-janv.-2026-a-10_14_43-768x512.png 768w, https:\/\/www.echoes-sas.com\/www\/wp-content\/uploads\/2026\/01\/ChatGPT-Image-21-janv.-2026-a-10_14_43.png 1536w\" sizes=\"auto, (max-width: 1024px) 100vw, 1024px\" \/><\/a><\/figure><div class=\"wp-block-media-text__content\">\n<h3 class=\"wp-block-heading\"><a href=\"https:\/\/www.echoes-sas.com\/www\/vente-en-bloc\/\">VENTE EN BLOC<\/a><\/h3>\n\n\n\n<p><strong>Echoes<\/strong> accompagne ses clients dans la vente en bloc d&rsquo;immeubles r\u00e9sidentiels ou tertiaires.<br>Nous intervenons sur l&rsquo;ensemble du processus pour s\u00e9curiser et optimiser chaque op\u00e9ration, en nous adaptant aux objectifs patrimoniaux et financiers du vendeur.<\/p>\n\n\n\n<p>Notre accompagnement comprend notamment :<br>-l&rsquo;analyse compl\u00e8te des immeubles et de leur potentiel de valorisation<br>-l&rsquo;\u00e9vacuation pr\u00e9cise et la fixation d&rsquo;un prix de vente coh\u00e9rent avec le march\u00e9 <br>-la pr\u00e9paration des documents juridiques et financiers n\u00e9cessaires \u00e0 la transaction <br>-la recherche d&rsquo;acheteurs institutionnels ou professionnels et l&rsquo;accompagnement dans la n\u00e9gociation<\/p>\n\n\n\n<p>Notre objectif : garantir une transaction fluide et s\u00e9curis\u00e9e, tout en maximisant la valeur du bien pour le vendeur.<\/p>\n<\/div><\/div>\n","protected":false},"excerpt":{"rendered":"<p>TRANSACTIONS&nbsp; Nous vous accompagnons dans toutes vos transactions immobili\u00e8res, en mettant notre expertise au service de projets sur mesure. Chaque transaction b\u00e9n\u00e9ficie d&rsquo;un suivi attentif et de conseils personnalis\u00e9s, afin de garantir des ventes rapides, s\u00e9curis\u00e9es et parfaitement adapt\u00e9es aux besoins de nos clients. VENTE HLM Acteur de r\u00e9f\u00e9rence de la transaction de logements HLM [&hellip;]<\/p>\n","protected":false},"author":1,"featured_media":0,"parent":0,"menu_order":0,"comment_status":"closed","ping_status":"closed","template":"","meta":{"footnotes":""},"class_list":["post-94","page","type-page","status-publish","hentry"],"_links":{"self":[{"href":"https:\/\/www.echoes-sas.com\/www\/wp-json\/wp\/v2\/pages\/94","targetHints":{"allow":["GET"]}}],"collection":[{"href":"https:\/\/www.echoes-sas.com\/www\/wp-json\/wp\/v2\/pages"}],"about":[{"href":"https:\/\/www.echoes-sas.com\/www\/wp-json\/wp\/v2\/types\/page"}],"author":[{"embeddable":true,"href":"https:\/\/www.echoes-sas.com\/www\/wp-json\/wp\/v2\/users\/1"}],"replies":[{"embeddable":true,"href":"https:\/\/www.echoes-sas.com\/www\/wp-json\/wp\/v2\/comments?post=94"}],"version-history":[{"count":31,"href":"https:\/\/www.echoes-sas.com\/www\/wp-json\/wp\/v2\/pages\/94\/revisions"}],"predecessor-version":[{"id":525,"href":"https:\/\/www.echoes-sas.com\/www\/wp-json\/wp\/v2\/pages\/94\/revisions\/525"}],"wp:attachment":[{"href":"https:\/\/www.echoes-sas.com\/www\/wp-json\/wp\/v2\/media?parent=94"}],"curies":[{"name":"wp","href":"https:\/\/api.w.org\/{rel}","templated":true}]}}