{"id":96,"date":"2026-01-10T01:48:39","date_gmt":"2026-01-10T01:48:39","guid":{"rendered":"https:\/\/www.echoes-sas.com\/www\/?page_id=96"},"modified":"2026-02-05T14:30:23","modified_gmt":"2026-02-05T14:30:23","slug":"a-propos","status":"publish","type":"page","link":"https:\/\/www.echoes-sas.com\/www\/a-propos\/","title":{"rendered":"\u00c0 propos"},"content":{"rendered":"\n<div class=\"wp-block-group alignfull has-global-padding is-layout-constrained wp-container-core-group-is-layout-56c63f98 wp-block-group-is-layout-constrained\" style=\"padding-top:4rem;padding-right:65px;padding-bottom:80px;padding-left:65px\">\n<div class=\"wp-block-columns alignfull is-layout-flex wp-container-core-columns-is-layout-e65c0db8 wp-block-columns-is-layout-flex\" style=\"padding-right:20px;padding-left:20px\">\n<div class=\"wp-block-column is-layout-flow wp-block-column-is-layout-flow\" style=\"flex-basis:40%\">\n<h2 class=\"wp-block-heading has-text-color\" style=\"color:#090909;font-size:clamp(26.465px, 1.654rem + ((1vw - 3.2px) * 2.106), 45px);\">Qui sommes nous ?<\/h2>\n<\/div>\n\n\n\n<div class=\"wp-block-column is-layout-flow wp-container-core-column-is-layout-343acf9e wp-block-column-is-layout-flow\">\n<p class=\"has-text-color has-link-color wp-elements-7bcbc8b77cbf75f76994a42ff297d738\" style=\"color:#000000;font-size:clamp(14px, 0.875rem + ((1vw - 3.2px) * 0.227), 16px);font-style:normal;font-weight:300\">Chez&nbsp;<strong>Echoes<\/strong>, nous croyons \u00e0 la force du collectif. Nos collaborations avec des experts locaux, des architectes et les acteurs du territoire nous permettent d\u2019appr\u00e9hender chaque projet dans sa singularit\u00e9 et son contexte. Cette approche partenariale favorise des relations durables et enrichit chaque op\u00e9ration. Notre \u00e9quipe s\u2019engage \u00e0 offrir une exp\u00e9rience fluide, ma\u00eetris\u00e9e et cr\u00e9atrice de valeur. La confiance guide chacune de nos actions, avec une exigence constante de qualit\u00e9 urbaine, technique et architecturale, afin de replacer l\u2019image et le sens au c\u0153ur du projet.<\/p>\n\n\n\n<p class=\"has-text-color has-link-color wp-elements-5e1290952873740bf51e00ba56fc2bf9\" style=\"color:#000000;font-size:clamp(14px, 0.875rem + ((1vw - 3.2px) * 0.227), 16px);font-style:normal;font-weight:300\">Echoes est n\u00e9e d\u2019une ambition claire : contribuer \u00e0 faire \u00e9voluer le paysage immobilier. D\u2019un projet \u00e0 l\u2019autre, nous avons construit une expertise solide et une relation de confiance avec nos partenaires. Notre connaissance approfondie des march\u00e9s immobiliers nous permet d\u2019accompagner chaque d\u00e9cision avec discernement. \u00c0 chaque \u00e9tape, nous aidons nos clients \u00e0 comprendre un environnement complexe, \u00e0 \u00e9valuer les risques et \u00e0 avancer avec s\u00e9r\u00e9nit\u00e9.<\/p>\n\n\n\n<p class=\"has-text-color has-link-color wp-elements-a164285d6cc2eab30a4f5553570ab7e9\" style=\"color:#000000;font-size:clamp(14px, 0.875rem + ((1vw - 3.2px) * 0.227), 16px);font-style:normal;font-weight:300\">Nous sommes attach\u00e9s \u00e0 une approche responsable de l\u2019immobilier. Nos op\u00e9rations s\u2019inscrivent dans une d\u00e9marche durable, attentive aux usages, aux territoires et aux personnes. L\u2019humain est au centre de nos r\u00e9flexions. Gr\u00e2ce \u00e0 notre \u00e9quipe d\u2019ing\u00e9nierie, nous d\u00e9veloppons des solutions innovantes, conciliant performance environnementale et exigences \u00e9conomiques. Chaque projet est pens\u00e9 comme une opportunit\u00e9 de cr\u00e9er une r\u00e9ponse unique, en r\u00e9sonance avec son territoire.<\/p>\n\n\n\n<p class=\"has-text-color has-link-color wp-elements-38d0da51f5e195e39a6e2ea861d76317\" style=\"color:#000000;font-size:clamp(14px, 0.875rem + ((1vw - 3.2px) * 0.227), 16px);font-style:normal;font-weight:300\">S\u2019engager avec Echoes, c\u2019est bien plus qu\u2019une op\u00e9ration immobili\u00e8re. C\u2019est construire un partenariat fond\u00e9 sur l\u2019\u00e9coute, la compr\u00e9hension et l\u2019adaptation. Nous accompagnons chaque client avec rigueur et engagement, pour donner vie \u00e0 des projets immobiliers porteurs de sens, guid\u00e9s par une vision partag\u00e9e et durable.<\/p>\n<\/div>\n<\/div>\n<\/div>\n\n\n\n<div class=\"wp-block-cover alignfull is-light\" style=\"padding-top:80px;padding-right:65px;padding-bottom:50px;padding-left:65px\"><img decoding=\"async\" class=\"wp-block-cover__image-background wp-image-2215\" alt=\"\" src=\"https:\/\/tyler.com\/wp-content\/uploads\/2023\/11\/Cube-About-Hero.jpg\" style=\"object-position:50% 51%\" data-object-fit=\"cover\" data-object-position=\"50% 51%\"\/><span aria-hidden=\"true\" class=\"wp-block-cover__background has-background-dim-30 has-background-dim\"><\/span><div class=\"wp-block-cover__inner-container is-layout-flow wp-container-core-cover-is-layout-dac09fb9 wp-block-cover-is-layout-flow\">\n<p><\/p>\n<\/div><\/div>\n","protected":false},"excerpt":{"rendered":"<p>Qui sommes nous ? Chez&nbsp;Echoes, nous croyons \u00e0 la force du collectif. Nos collaborations avec des experts locaux, des architectes et les acteurs du territoire nous permettent d\u2019appr\u00e9hender chaque projet dans sa singularit\u00e9 et son contexte. Cette approche partenariale favorise des relations durables et enrichit chaque op\u00e9ration. Notre \u00e9quipe s\u2019engage \u00e0 offrir une exp\u00e9rience fluide, [&hellip;]<\/p>\n","protected":false},"author":1,"featured_media":0,"parent":0,"menu_order":0,"comment_status":"closed","ping_status":"closed","template":"","meta":{"footnotes":""},"class_list":["post-96","page","type-page","status-publish","hentry"],"_links":{"self":[{"href":"https:\/\/www.echoes-sas.com\/www\/wp-json\/wp\/v2\/pages\/96","targetHints":{"allow":["GET"]}}],"collection":[{"href":"https:\/\/www.echoes-sas.com\/www\/wp-json\/wp\/v2\/pages"}],"about":[{"href":"https:\/\/www.echoes-sas.com\/www\/wp-json\/wp\/v2\/types\/page"}],"author":[{"embeddable":true,"href":"https:\/\/www.echoes-sas.com\/www\/wp-json\/wp\/v2\/users\/1"}],"replies":[{"embeddable":true,"href":"https:\/\/www.echoes-sas.com\/www\/wp-json\/wp\/v2\/comments?post=96"}],"version-history":[{"count":6,"href":"https:\/\/www.echoes-sas.com\/www\/wp-json\/wp\/v2\/pages\/96\/revisions"}],"predecessor-version":[{"id":511,"href":"https:\/\/www.echoes-sas.com\/www\/wp-json\/wp\/v2\/pages\/96\/revisions\/511"}],"wp:attachment":[{"href":"https:\/\/www.echoes-sas.com\/www\/wp-json\/wp\/v2\/media?parent=96"}],"curies":[{"name":"wp","href":"https:\/\/api.w.org\/{rel}","templated":true}]}}