{"id":98,"date":"2026-01-10T01:48:53","date_gmt":"2026-01-10T01:48:53","guid":{"rendered":"https:\/\/www.echoes-sas.com\/www\/?page_id=98"},"modified":"2026-02-06T09:59:03","modified_gmt":"2026-02-06T09:59:03","slug":"nos-services","status":"publish","type":"page","link":"https:\/\/www.echoes-sas.com\/www\/nos-services\/","title":{"rendered":"Nos m\u00e9tiers"},"content":{"rendered":"\n<div class=\"wp-block-group alignfull has-global-padding is-content-justification-left is-layout-constrained wp-container-core-group-is-layout-edb45cc0 wp-block-group-is-layout-constrained\" style=\"margin-top:0px;margin-bottom:0px;padding-top:70px;padding-right:50px;padding-bottom:100px;padding-left:50px\">\n<div class=\"wp-block-columns are-vertically-aligned-center is-layout-flex wp-container-core-columns-is-layout-28f84493 wp-block-columns-is-layout-flex\">\n<div class=\"wp-block-column is-vertically-aligned-center is-layout-flow wp-container-core-column-is-layout-a7fa7455 wp-block-column-is-layout-flow\" style=\"flex-basis:1050px\">\n<h2 data-wp-context---core-fit-text=\"core\/fit-text::{&quot;fontSize&quot;:&quot;&quot;}\" data-wp-init---core-fit-text=\"core\/fit-text::callbacks.init\" data-wp-interactive data-wp-style--font-size=\"core\/fit-text::context.fontSize\" class=\"wp-block-heading alignfull has-fit-text has-text-color\" style=\"color:#000000;font-size:64px;font-style:normal;font-weight:400\">Echoes vous accompagne dans vos projets<\/h2>\n<\/div>\n<\/div>\n<\/div>\n\n\n\n<div class=\"wp-block-columns alignfull is-layout-flex wp-container-core-columns-is-layout-11bda0fe wp-block-columns-is-layout-flex\" style=\"padding-right:2rem;padding-left:2rem\">\n<div class=\"wp-block-column is-layout-flow wp-container-core-column-is-layout-3ca914a4 wp-block-column-is-layout-flow\">\n<h2 class=\"wp-block-heading\">Nos m\u00e9tiers<\/h2>\n\n\n\n<p class=\"has-text-color\" style=\"color:#000000;font-size:clamp(14px, 0.875rem + ((1vw - 3.2px) * 0.341), 17px);font-style:normal;font-weight:300\">D\u00e9couvrez nos services en <strong>transactions immobili\u00e8res, promotion et ing\u00e9nierie<\/strong>, pens\u00e9s pour accompagner chaque projet avec exigence et vision.<br>Notre intervention s\u2019inscrit dans une logique d\u2019ensemblier immobilier, avec une vision globale et coordonn\u00e9e des projets. \u00c0 travers notre portfolio, explorez un aper\u00e7u de notre savoir-faire et de notre passion pour l\u2019immobilier. Chaque r\u00e9alisation refl\u00e8te notre engagement \u00e0 proposer des solutions innovantes et durables.<br>De l\u2019achat \u00e0 la vente, jusqu\u2019au d\u00e9veloppement de projets immobiliers, nous donnons vie \u00e0 vos id\u00e9es. Parcourez nos r\u00e9alisations et imaginons ensemble les projets de demain.<\/p>\n<\/div>\n<\/div>\n\n\n\n<div class=\"wp-block-group alignfull is-nowrap is-layout-flex wp-container-core-group-is-layout-6c531013 wp-block-group-is-layout-flex\">\n<figure class=\"wp-block-image size-full\"><a href=\"https:\/\/www.echoes-sas.com\/www\/transactions-immobilieres\/\"><img loading=\"lazy\" decoding=\"async\" width=\"886\" height=\"674\" src=\"https:\/\/www.echoes-sas.com\/www\/wp-content\/uploads\/2026\/01\/Image-30-01-2026-a-08.56.jpg\" alt=\"\" class=\"wp-image-437\" srcset=\"https:\/\/www.echoes-sas.com\/www\/wp-content\/uploads\/2026\/01\/Image-30-01-2026-a-08.56.jpg 886w, https:\/\/www.echoes-sas.com\/www\/wp-content\/uploads\/2026\/01\/Image-30-01-2026-a-08.56-300x228.jpg 300w, https:\/\/www.echoes-sas.com\/www\/wp-content\/uploads\/2026\/01\/Image-30-01-2026-a-08.56-768x584.jpg 768w\" sizes=\"auto, (max-width: 886px) 100vw, 886px\" \/><\/a><\/figure>\n\n\n\n<figure class=\"wp-block-image size-full\"><a href=\"https:\/\/www.echoes-sas.com\/www\/promotion-immobiliere\/\"><img loading=\"lazy\" decoding=\"async\" width=\"886\" height=\"674\" src=\"https:\/\/www.echoes-sas.com\/www\/wp-content\/uploads\/2026\/01\/Capture-decran-2026-01-30-a-08.40.30.png\" alt=\"\" class=\"wp-image-438\" srcset=\"https:\/\/www.echoes-sas.com\/www\/wp-content\/uploads\/2026\/01\/Capture-decran-2026-01-30-a-08.40.30.png 886w, https:\/\/www.echoes-sas.com\/www\/wp-content\/uploads\/2026\/01\/Capture-decran-2026-01-30-a-08.40.30-300x228.png 300w, https:\/\/www.echoes-sas.com\/www\/wp-content\/uploads\/2026\/01\/Capture-decran-2026-01-30-a-08.40.30-768x584.png 768w\" sizes=\"auto, (max-width: 886px) 100vw, 886px\" \/><\/a><\/figure>\n\n\n\n<div class=\"wp-block-group is-nowrap is-layout-flex wp-container-core-group-is-layout-6c531013 wp-block-group-is-layout-flex\">\n<figure class=\"wp-block-image size-full\"><a href=\"https:\/\/www.echoes-sas.com\/www\/ingenierie\/\"><img loading=\"lazy\" decoding=\"async\" width=\"884\" height=\"668\" src=\"https:\/\/www.echoes-sas.com\/www\/wp-content\/uploads\/2026\/01\/Capture-decran-2026-01-30-a-08.40.48.png\" alt=\"\" class=\"wp-image-439\" srcset=\"https:\/\/www.echoes-sas.com\/www\/wp-content\/uploads\/2026\/01\/Capture-decran-2026-01-30-a-08.40.48.png 884w, https:\/\/www.echoes-sas.com\/www\/wp-content\/uploads\/2026\/01\/Capture-decran-2026-01-30-a-08.40.48-300x227.png 300w, https:\/\/www.echoes-sas.com\/www\/wp-content\/uploads\/2026\/01\/Capture-decran-2026-01-30-a-08.40.48-768x580.png 768w\" sizes=\"auto, (max-width: 884px) 100vw, 884px\" \/><\/a><\/figure>\n<\/div>\n<\/div>\n\n\n\n<div class=\"wp-block-group alignfull has-background has-global-padding is-content-justification-center is-layout-constrained wp-container-core-group-is-layout-e3d7a563 wp-block-group-is-layout-constrained\" style=\"background-color:#f4f4f4;margin-top:0px;margin-bottom:0px;padding-top:50px;padding-right:65px;padding-bottom:50px;padding-left:65px\">\n<div class=\"wp-block-columns alignfull is-layout-flex wp-container-core-columns-is-layout-4e7ae05e wp-block-columns-is-layout-flex\" style=\"padding-right:2rem;padding-left:2rem\">\n<div class=\"wp-block-column is-layout-flow wp-container-core-column-is-layout-3ca914a4 wp-block-column-is-layout-flow\"><\/div>\n\n\n\n<div class=\"wp-block-column is-layout-flow wp-container-core-column-is-layout-3ca914a4 wp-block-column-is-layout-flow\"><\/div>\n\n\n\n<div class=\"wp-block-column is-layout-flow wp-container-core-column-is-layout-3ca914a4 wp-block-column-is-layout-flow\"><\/div>\n\n\n\n<div class=\"wp-block-column is-layout-flow wp-container-core-column-is-layout-3ca914a4 wp-block-column-is-layout-flow\"><\/div>\n\n\n\n<div class=\"wp-block-column is-layout-flow wp-container-core-column-is-layout-3ca914a4 wp-block-column-is-layout-flow\"><\/div>\n\n\n\n<div class=\"wp-block-column is-layout-flow wp-container-core-column-is-layout-3ca914a4 wp-block-column-is-layout-flow\"><\/div>\n<\/div>\n<\/div>\n\n\n\n<div class=\"wp-block-group alignfull has-global-padding is-layout-constrained wp-block-group-is-layout-constrained\" style=\"margin-top:0px;margin-bottom:0px\">\n<div class=\"wp-block-cover alignfull has-parallax\" style=\"min-height:650px;aspect-ratio:unset;\"><div class=\"wp-block-cover__image-background wp-image-54 size-full has-parallax\" style=\"background-position:50% 50%;background-image:url(https:\/\/www.echoes-sas.com\/www\/wp-content\/uploads\/2026\/01\/IMG_1435_15121646314736871895.HEIC-scaled.png)\"><\/div><span aria-hidden=\"true\" class=\"wp-block-cover__background has-background-dim-0 has-background-dim\" style=\"background-color:#6a757f\"><\/span><div class=\"wp-block-cover__inner-container is-layout-flow wp-block-cover-is-layout-flow\">\n<p class=\"has-text-align-center has-large-font-size\"><\/p>\n<\/div><\/div>\n<\/div>\n\n\n\n<div class=\"wp-block-group alignfull has-global-padding is-layout-constrained wp-container-core-group-is-layout-18acec81 wp-block-group-is-layout-constrained\" style=\"padding-right:50px;padding-bottom:100px;padding-left:50px\"><\/div>\n\n\n\n<div class=\"wp-block-group alignfull has-background has-global-padding is-layout-constrained wp-container-core-group-is-layout-a4112af1 wp-block-group-is-layout-constrained\" style=\"background-color:#28282a;margin-top:0px;padding-top:100px;padding-right:65px;padding-bottom:100px;padding-left:65px\">\n<div class=\"wp-block-columns alignfull is-layout-flex wp-container-core-columns-is-layout-ba8915d2 wp-block-columns-is-layout-flex\" style=\"padding-right:2rem;padding-left:2rem\">\n<div class=\"wp-block-column is-layout-flow wp-container-core-column-is-layout-7fea69c4 wp-block-column-is-layout-flow\">\n<h2 class=\"wp-block-heading has-text-color\" style=\"color:#ffffff;font-size:clamp(29.768px, 1.861rem + ((1vw - 3.2px) * 2.526), 52px);\">Contactez-Nous Aujourd\u02bchui!<\/h2>\n\n\n\n<p class=\"has-text-color\" style=\"color:#ffffff;font-size:clamp(14px, 0.875rem + ((1vw - 3.2px) * 0.227), 16px);font-style:normal;font-weight:300\">Pr\u00eat \u00e0 r\u00e9aliser votre projet immobilier? Notre \u00e9quipe est l\u00e0 pour vous accompagner \u00e0 chaque \u00e9tape. Contactez-nous d\u00e8s maintenant et d\u00e9couvrons ensemble vos prochaines r\u00e9ussites!<\/p>\n\n\n\n<div class=\"wp-block-buttons is-content-justification-left is-layout-flex wp-container-core-buttons-is-layout-f3afa3a0 wp-block-buttons-is-layout-flex\">\n<div class=\"wp-block-button\"><a class=\"wp-block-button__link has-text-color has-background has-custom-font-size wp-element-button\" href=\"https:\/\/www.echoes-sas.com\/www\/comment-nous-joindre\/\" style=\"border-style:none;border-width:0px;border-radius:0px;color:#121212;background-color:#ffffff;padding-top:20px;padding-right:40px;padding-bottom:20px;padding-left:40px;font-size:clamp(14px, 0.875rem + ((1vw - 3.2px) * 0.227), 16px);text-transform:capitalize\">Parlons-en!<\/a><\/div>\n<\/div>\n<\/div>\n\n\n\n<div class=\"wp-block-column is-layout-flow wp-block-column-is-layout-flow\"><\/div>\n<\/div>\n<\/div>\n","protected":false},"excerpt":{"rendered":"<p>Echoes vous accompagne dans vos projets Nos m\u00e9tiers D\u00e9couvrez nos services en transactions immobili\u00e8res, promotion et ing\u00e9nierie, pens\u00e9s pour accompagner chaque projet avec exigence et vision.Notre intervention s\u2019inscrit dans une logique d\u2019ensemblier immobilier, avec une vision globale et coordonn\u00e9e des projets. \u00c0 travers notre portfolio, explorez un aper\u00e7u de notre savoir-faire et de notre passion [&hellip;]<\/p>\n","protected":false},"author":1,"featured_media":0,"parent":0,"menu_order":0,"comment_status":"closed","ping_status":"closed","template":"","meta":{"footnotes":""},"class_list":["post-98","page","type-page","status-publish","hentry"],"_links":{"self":[{"href":"https:\/\/www.echoes-sas.com\/www\/wp-json\/wp\/v2\/pages\/98","targetHints":{"allow":["GET"]}}],"collection":[{"href":"https:\/\/www.echoes-sas.com\/www\/wp-json\/wp\/v2\/pages"}],"about":[{"href":"https:\/\/www.echoes-sas.com\/www\/wp-json\/wp\/v2\/types\/page"}],"author":[{"embeddable":true,"href":"https:\/\/www.echoes-sas.com\/www\/wp-json\/wp\/v2\/users\/1"}],"replies":[{"embeddable":true,"href":"https:\/\/www.echoes-sas.com\/www\/wp-json\/wp\/v2\/comments?post=98"}],"version-history":[{"count":28,"href":"https:\/\/www.echoes-sas.com\/www\/wp-json\/wp\/v2\/pages\/98\/revisions"}],"predecessor-version":[{"id":543,"href":"https:\/\/www.echoes-sas.com\/www\/wp-json\/wp\/v2\/pages\/98\/revisions\/543"}],"wp:attachment":[{"href":"https:\/\/www.echoes-sas.com\/www\/wp-json\/wp\/v2\/media?parent=98"}],"curies":[{"name":"wp","href":"https:\/\/api.w.org\/{rel}","templated":true}]}}